{"id":6015,"date":"2018-02-23T12:15:55","date_gmt":"2018-02-23T17:15:55","guid":{"rendered":"https:\/\/www.outdoorpromise.org\/contacto-op\/"},"modified":"2026-03-30T02:27:03","modified_gmt":"2026-03-30T06:27:03","slug":"contacto-op__trashed","status":"publish","type":"page","link":"https:\/\/www.outdoorpromise.org\/es\/contacto-op__trashed\/","title":{"rendered":"CONTACTO OP"},"content":{"rendered":"\n<div class=\"wp-block-group alignfull is-layout-constrained wp-container-core-group-is-layout-1ca19f1a wp-block-group-is-layout-constrained\" style=\"padding-top:0;padding-bottom:0\">\n<div class=\"wp-block-columns is-layout-flex wp-container-core-columns-is-layout-48005ea1 wp-block-columns-is-layout-flex\" style=\"padding-top:10%;padding-right:5%;padding-bottom:10%;padding-left:5%\">\n<div class=\"wp-block-column is-vertically-aligned-top is-layout-flow wp-block-column-is-layout-flow\">\n<h1 class=\"wp-block-heading has-text-align-center\" id=\"we-d-love-to-hear-from-you\"><strong>Nos encantar\u00eda conocer su opini\u00f3n.<\/strong><\/h1>\n\n\n\n<p class=\"has-text-align-center has-large-font-size\"><em>Escr\u00edbanos y nos pondremos en contacto con usted lo antes posible.<\/em><\/p>\n\n\n\n<div class=\"wp-block-group is-layout-constrained wp-container-core-group-is-layout-79ca9124 wp-block-group-is-layout-constrained\">\n<p class=\"has-text-align-center\"><strong>Tel\u00e9fono<\/strong>: (845) 288-0145<\/p>\n\n\n\n<div class=\"wp-block-buttons is-content-justification-center is-layout-flex wp-container-core-buttons-is-layout-a89b3969 wp-block-buttons-is-layout-flex\">\n<div class=\"wp-block-button\"><a class=\"wp-block-button__link wp-element-button\" href=\"mailto:info@outdoorpromise.org\" style=\"border-radius:5px\">Env\u00edenos un correo electr\u00f3nico.<\/a><\/div>\n<\/div>\n\n\n\n<hr class=\"wp-block-separator has-css-opacity\"\/>\n\n\n\n<figure class=\"wp-block-pullquote\"><blockquote><p>Nos conocer\u00e1n por las huellas que dejemos.<\/p><cite>Proverbio nativo<\/cite><\/blockquote><\/figure>\n\n\n\n<figure class=\"wp-block-image\"><img loading=\"lazy\" decoding=\"async\" width=\"1800\" height=\"1200\" src=\"https:\/\/www.outdoorpromise.org\/wp-content\/uploads\/2018\/04\/OP-Team.jpg\" alt=\"\" class=\"wp-image-220\" srcset=\"https:\/\/www.outdoorpromise.org\/wp-content\/uploads\/2018\/04\/OP-Team.jpg 1800w, https:\/\/www.outdoorpromise.org\/wp-content\/uploads\/2018\/04\/OP-Team-660x440.jpg 660w, https:\/\/www.outdoorpromise.org\/wp-content\/uploads\/2018\/04\/OP-Team-300x200.jpg 300w, https:\/\/www.outdoorpromise.org\/wp-content\/uploads\/2018\/04\/OP-Team-768x512.jpg 768w, https:\/\/www.outdoorpromise.org\/wp-content\/uploads\/2018\/04\/OP-Team-1024x683.jpg 1024w\" sizes=\"auto, (max-width: 1800px) 100vw, 1800px\" \/><\/figure>\n<\/div>\n<\/div>\n<\/div>\n<\/div>\n<p><!-- \/wp:post-content --><\/p>\n","protected":false},"excerpt":{"rendered":"<p>Nos encantar\u00eda conocer su opini\u00f3n. Escr\u00edbanos y nos pondremos en contacto con usted lo antes posible. Tel\u00e9fono: (845) 288-0145 Nos conocer\u00e1n por las huellas que dejemos. Proverbio nativo<\/p>\n","protected":false},"author":1,"featured_media":5620,"parent":0,"menu_order":0,"comment_status":"closed","ping_status":"closed","template":"","meta":{"_kad_blocks_custom_css":"","_kad_blocks_head_custom_js":"","_kad_blocks_body_custom_js":"","_kad_blocks_footer_custom_js":"","_wp_convertkit_post_meta":{"form":"-1","landing_page":"0","tag":"0","restrict_content":"0"},"footnotes":""},"class_list":["post-6015","page","type-page","status-publish","has-post-thumbnail","hentry"],"blocksy_meta":[],"taxonomy_info":[],"featured_image_src_large":["https:\/\/www.outdoorpromise.org\/wp-content\/uploads\/2019\/08\/cropped-IMG_7852-min-1024x577.jpg",1024,577,true],"author_info":{"display_name":"Ronald Zorrilla","author_link":"https:\/\/www.outdoorpromise.org\/es\/author\/infooutdoorpromise-org\/"},"comment_info":0,"_links":{"self":[{"href":"https:\/\/www.outdoorpromise.org\/es\/wp-json\/wp\/v2\/pages\/6015","targetHints":{"allow":["GET"]}}],"collection":[{"href":"https:\/\/www.outdoorpromise.org\/es\/wp-json\/wp\/v2\/pages"}],"about":[{"href":"https:\/\/www.outdoorpromise.org\/es\/wp-json\/wp\/v2\/types\/page"}],"author":[{"embeddable":true,"href":"https:\/\/www.outdoorpromise.org\/es\/wp-json\/wp\/v2\/users\/1"}],"replies":[{"embeddable":true,"href":"https:\/\/www.outdoorpromise.org\/es\/wp-json\/wp\/v2\/comments?post=6015"}],"version-history":[{"count":3,"href":"https:\/\/www.outdoorpromise.org\/es\/wp-json\/wp\/v2\/pages\/6015\/revisions"}],"predecessor-version":[{"id":8113,"href":"https:\/\/www.outdoorpromise.org\/es\/wp-json\/wp\/v2\/pages\/6015\/revisions\/8113"}],"wp:featuredmedia":[{"embeddable":true,"href":"https:\/\/www.outdoorpromise.org\/es\/wp-json\/wp\/v2\/media\/5620"}],"wp:attachment":[{"href":"https:\/\/www.outdoorpromise.org\/es\/wp-json\/wp\/v2\/media?parent=6015"}],"curies":[{"name":"wp","href":"https:\/\/api.w.org\/{rel}","templated":true}]}}