{"id":6022,"date":"2018-02-27T12:32:34","date_gmt":"2018-02-27T17:32:34","guid":{"rendered":"https:\/\/www.outdoorpromise.org\/donar\/"},"modified":"2025-10-19T10:07:14","modified_gmt":"2025-10-19T14:07:14","slug":"donar__trashed","status":"publish","type":"page","link":"https:\/\/www.outdoorpromise.org\/es\/donar__trashed\/","title":{"rendered":"DONAR"},"content":{"rendered":"\n<h1 class=\"wp-block-heading\">Apoyar nuestra misi\u00f3n de promover la justicia medioambiental y la sostenibilidad mediante la educaci\u00f3n al aire libre y la participaci\u00f3n de la comunidad.<\/h1>\n\n<p>Outdoor Promise promueve la justicia medioambiental y la sostenibilidad mediante la educaci\u00f3n al aire libre y el compromiso de la comunidad. Creemos que todo el mundo tiene derecho a un medio ambiente sano y equitativo y que el bienestar de nuestro planeta est\u00e1 interconectado con el bienestar de sus habitantes.<\/p>\n\n<p>Al facilitar el acceso a experiencias al aire libre y a la educaci\u00f3n, pretendemos inspirar activamente a las personas para que protejan y conserven el mundo natural. Tambi\u00e9n nos esforzamos por concienciar sobre las injusticias medioambientales y capacitar a las comunidades para que aboguen por el cambio y creen comunidades m\u00e1s sostenibles y justas.<\/p>\n\n<p>Su apoyo nos ayuda a cumplir esta misi\u00f3n y a influir positivamente en el medio ambiente y las comunidades a las que servimos. Gracias por considerar una donaci\u00f3n a Outdoor Promise. Cada contribuci\u00f3n marca la diferencia y nos ayuda a continuar nuestro trabajo.<\/p>\n\n<p>Gracias por su generosidad. Juntos podemos crear un futuro mejor y m\u00e1s sostenible para todos.<\/p>\n\n<hr class=\"wp-block-separator has-alpha-channel-opacity\"\/>\n\n<p class=\"has-text-align-center\">[give_form id=\u00bb166&#8243;]<\/p>\n\n<hr class=\"wp-block-separator has-alpha-channel-opacity\"\/>\n\n<figure class=\"wp-block-image aligncenter is-resized\"><img loading=\"lazy\" decoding=\"async\" src=\"https:\/\/www.outdoorpromise.org\/wp-content\/uploads\/2018\/02\/About-OP-1024x1024.jpg\" alt=\"Acerca de Outdoor Promise\" class=\"wp-image-73\" width=\"512\" height=\"512\" srcset=\"https:\/\/www.outdoorpromise.org\/wp-content\/uploads\/2018\/02\/About-OP-1024x1024.jpg 1024w, https:\/\/www.outdoorpromise.org\/wp-content\/uploads\/2018\/02\/About-OP-500x500.jpg 500w, https:\/\/www.outdoorpromise.org\/wp-content\/uploads\/2018\/02\/About-OP-660x660.jpg 660w, https:\/\/www.outdoorpromise.org\/wp-content\/uploads\/2018\/02\/About-OP-100x100.jpg 100w, https:\/\/www.outdoorpromise.org\/wp-content\/uploads\/2018\/02\/About-OP-150x150.jpg 150w, https:\/\/www.outdoorpromise.org\/wp-content\/uploads\/2018\/02\/About-OP-300x300.jpg 300w, https:\/\/www.outdoorpromise.org\/wp-content\/uploads\/2018\/02\/About-OP-768x768.jpg 768w, https:\/\/www.outdoorpromise.org\/wp-content\/uploads\/2018\/02\/About-OP-400x400.jpg 400w, https:\/\/www.outdoorpromise.org\/wp-content\/uploads\/2018\/02\/About-OP-600x600.jpg 600w, https:\/\/www.outdoorpromise.org\/wp-content\/uploads\/2018\/02\/About-OP.jpg 1200w\" sizes=\"auto, (max-width: 512px) 100vw, 512px\" \/><\/figure>\n","protected":false},"excerpt":{"rendered":"<p>Apoyar nuestra misi\u00f3n de promover la justicia medioambiental y la sostenibilidad mediante la educaci\u00f3n al aire libre y la participaci\u00f3n de la comunidad. Outdoor Promise promueve la justicia medioambiental y la sostenibilidad mediante la educaci\u00f3n al aire libre y el compromiso de la comunidad. Creemos que todo el mundo tiene derecho a un medio ambiente [&hellip;]<\/p>\n","protected":false},"author":1,"featured_media":5624,"parent":0,"menu_order":0,"comment_status":"closed","ping_status":"closed","template":"","meta":{"_kad_blocks_custom_css":"","_kad_blocks_head_custom_js":"","_kad_blocks_body_custom_js":"","_kad_blocks_footer_custom_js":"","_wp_convertkit_post_meta":{"form":"-1","landing_page":"0","tag":"0","restrict_content":"0"},"footnotes":""},"class_list":["post-6022","page","type-page","status-publish","has-post-thumbnail","hentry"],"blocksy_meta":[],"taxonomy_info":[],"featured_image_src_large":["https:\/\/www.outdoorpromise.org\/wp-content\/uploads\/2018\/03\/cropped-2016-04-18-2016-05-10-001-046-1024x577.jpg",1024,577,true],"author_info":{"display_name":"Ronald Zorrilla","author_link":"https:\/\/www.outdoorpromise.org\/es\/author\/infooutdoorpromise-org\/"},"comment_info":0,"_links":{"self":[{"href":"https:\/\/www.outdoorpromise.org\/es\/wp-json\/wp\/v2\/pages\/6022","targetHints":{"allow":["GET"]}}],"collection":[{"href":"https:\/\/www.outdoorpromise.org\/es\/wp-json\/wp\/v2\/pages"}],"about":[{"href":"https:\/\/www.outdoorpromise.org\/es\/wp-json\/wp\/v2\/types\/page"}],"author":[{"embeddable":true,"href":"https:\/\/www.outdoorpromise.org\/es\/wp-json\/wp\/v2\/users\/1"}],"replies":[{"embeddable":true,"href":"https:\/\/www.outdoorpromise.org\/es\/wp-json\/wp\/v2\/comments?post=6022"}],"version-history":[{"count":1,"href":"https:\/\/www.outdoorpromise.org\/es\/wp-json\/wp\/v2\/pages\/6022\/revisions"}],"predecessor-version":[{"id":6024,"href":"https:\/\/www.outdoorpromise.org\/es\/wp-json\/wp\/v2\/pages\/6022\/revisions\/6024"}],"wp:featuredmedia":[{"embeddable":true,"href":"https:\/\/www.outdoorpromise.org\/es\/wp-json\/wp\/v2\/media\/5624"}],"wp:attachment":[{"href":"https:\/\/www.outdoorpromise.org\/es\/wp-json\/wp\/v2\/media?parent=6022"}],"curies":[{"name":"wp","href":"https:\/\/api.w.org\/{rel}","templated":true}]}}