{"id":6023,"date":"2018-02-23T12:13:45","date_gmt":"2018-02-23T17:13:45","guid":{"rendered":"https:\/\/www.outdoorpromise.org\/quienes-somos\/"},"modified":"2025-10-19T10:09:31","modified_gmt":"2025-10-19T14:09:31","slug":"quienes-somos__trashed","status":"publish","type":"page","link":"https:\/\/www.outdoorpromise.org\/es\/quienes-somos__trashed\/","title":{"rendered":"QUI\u00c9NES SOMOS"},"content":{"rendered":"\n<amp-fit-text layout=\"fixed-height\" min-font-size=\"6\" max-font-size=\"72\" height=\"80\"><h2 class=\"has-theme-primary-color has-text-color wp-block-heading\">NUESTRO ENFOQUE<\/h2><\/amp-fit-text>\n\n<amp-fit-text layout=\"fixed-height\" min-font-size=\"6\" max-font-size=\"72\" height=\"80\"><h3 class=\"wp-block-heading\">Facilitamos aventuras educativas al aire libre<\/h3><\/amp-fit-text>\n\n<amp-fit-text class=\"is-layout-flow wp-block-quote-is-layout-flow\" layout=\"fixed-height\" min-font-size=\"6\" max-font-size=\"72\" height=\"80\"><blockquote class=\"wp-block-quote is-style-large\"><p>Estamos unidos en nuestro empe\u00f1o por conseguir que los j\u00f3venes y sus familias disfruten de experiencias significativas al aire libre.<\/p><\/blockquote><\/amp-fit-text>\n\n<p><amp-fit-text layout=\"fixed-height\" min-font-size=\"6\" max-font-size=\"72\" height=\"80\">Creemos que para que la gente aprenda a proteger el medio ambiente, debe haberlo experimentado de forma significativa. A medida que nuestra creciente poblaci\u00f3n se hace m\u00e1s urbana, muchas personas siguen su vida sin haber experimentado la belleza y el asombro del mundo natural.  <\/amp-fit-text><\/p>\n\n<p><amp-fit-text layout=\"fixed-height\" min-font-size=\"6\" max-font-size=\"72\" height=\"80\">Outdoor Promise existe para conectar a los j\u00f3venes y sus familias con experiencias significativas al aire libre que les ayuden a fomentar el sentido de la administraci\u00f3n. \u00bfC\u00f3mo podemos pedir a la gente que proteja lo que no conoce? \u00a1Salgamos al aire libre!<\/amp-fit-text><\/p>\n\n<amp-fit-text layout=\"fixed-height\" min-font-size=\"6\" max-font-size=\"72\" height=\"80\"><h4 class=\"has-theme-primary-color has-text-color wp-block-heading\">&#8211; Nuestra misi\u00f3n<\/h4><\/amp-fit-text>\n\n<p><amp-fit-text layout=\"fixed-height\" min-font-size=\"6\" max-font-size=\"72\" height=\"80\">Outdoor Promise es una organizaci\u00f3n sin \u00e1nimo de lucro 501c3 cuya misi\u00f3n es ofrecer educaci\u00f3n experiencial basada en la aventura y experiencias de desarrollo del car\u00e1cter que promuevan el bienestar personal, el liderazgo, la comunidad, el compromiso c\u00edvico y la administraci\u00f3n del mundo natural.<\/amp-fit-text><\/p>\n\n<amp-fit-text layout=\"fixed-height\" min-font-size=\"6\" max-font-size=\"72\" height=\"80\"><h4 class=\"has-theme-primary-color has-text-color wp-block-heading\">&#8211; Nuestra visi\u00f3n<\/h4><\/amp-fit-text>\n\n<p><amp-fit-text layout=\"fixed-height\" min-font-size=\"6\" max-font-size=\"72\" height=\"80\">Exponga a los j\u00f3venes y a sus familias al mundo natural para que formemos hoy a los l\u00edderes medioambientales del ma\u00f1ana. Trabajamos para crear programas educativos al aire libre dirigidos a j\u00f3venes desfavorecidos, que incorporen los conceptos S.T.E.A.M. y mejoren la forma f\u00edsica, el rendimiento acad\u00e9mico y la conciencia medioambiental.<\/amp-fit-text><\/p>\n\n<amp-fit-text class=\"is-layout-flow wp-block-quote-is-layout-flow\" layout=\"fixed-height\" min-font-size=\"6\" max-font-size=\"72\" height=\"80\"><blockquote class=\"wp-block-quote\"><p>\u00abSi se pudiera llevar a la gente, en general, a los bosques, aunque s\u00f3lo fuera por una vez, para o\u00edr a los \u00e1rboles hablar por s\u00ed mismos, desaparecer\u00edan todas las dificultades que se oponen a la conservaci\u00f3n de los bosques.\u00bb -John Muir<\/p><\/blockquote><\/amp-fit-text>\n\n<amp-fit-text layout=\"fixed-height\" min-font-size=\"6\" max-font-size=\"72\" height=\"80\"><h2 class=\"has-theme-primary-color has-text-color has-text-align-center wp-block-heading\">SOCIOS<\/h2><\/amp-fit-text>\n\n<div class=\"wp-block-columns is-layout-flex wp-container-core-columns-is-layout-28f84493 wp-block-columns-is-layout-flex\">\n<div class=\"wp-block-column is-layout-flow wp-block-column-is-layout-flow\">\n<div data-amp-noloading=\"true\" class=\"wp-block-image\"><figure class=\"aligncenter size-large is-resized\"><img loading=\"lazy\" decoding=\"async\" src=\"https:\/\/www.outdoorpromise.org\/wp-content\/uploads\/2018\/02\/AMCYOPLogo.jpeg\" alt=\"\" class=\"wp-image-35\" width=\"328\" height=\"125\" srcset=\"https:\/\/www.outdoorpromise.org\/wp-content\/uploads\/2018\/02\/AMCYOPLogo.jpeg 363w, https:\/\/www.outdoorpromise.org\/wp-content\/uploads\/2018\/02\/AMCYOPLogo-300x115.jpeg 300w\" sizes=\"auto, (max-width: 328px) 100vw, 328px\" \/><\/figure><\/div>\n<\/div>\n\n\n\n<div class=\"wp-block-column is-layout-flow wp-block-column-is-layout-flow\">\n<div data-amp-noloading=\"true\" class=\"wp-block-image\"><figure class=\"aligncenter size-large is-resized\"><img loading=\"lazy\" decoding=\"async\" src=\"https:\/\/www.outdoorpromise.org\/wp-content\/uploads\/2018\/02\/GCSEN-Logo-1009x1024.png\" alt=\"\" class=\"wp-image-34\" width=\"157\" height=\"160\"\/><\/figure><\/div>\n<\/div>\n<\/div>\n","protected":false},"excerpt":{"rendered":"<p>NUESTRO ENFOQUE Facilitamos aventuras educativas al aire libre Estamos unidos en nuestro empe\u00f1o por conseguir que los j\u00f3venes y sus familias disfruten de experiencias significativas al aire libre. Creemos que para que la gente aprenda a proteger el medio ambiente, debe haberlo experimentado de forma significativa. A medida que nuestra creciente poblaci\u00f3n se hace m\u00e1s [&hellip;]<\/p>\n","protected":false},"author":1,"featured_media":0,"parent":0,"menu_order":0,"comment_status":"closed","ping_status":"closed","template":"","meta":{"_kad_blocks_custom_css":"","_kad_blocks_head_custom_js":"","_kad_blocks_body_custom_js":"","_kad_blocks_footer_custom_js":"","_wp_convertkit_post_meta":{"form":"-1","landing_page":"0","tag":"0","restrict_content":"0"},"footnotes":""},"class_list":["post-6023","page","type-page","status-publish","hentry"],"blocksy_meta":[],"taxonomy_info":[],"featured_image_src_large":false,"author_info":{"display_name":"Ronald Zorrilla","author_link":"https:\/\/www.outdoorpromise.org\/es\/author\/infooutdoorpromise-org\/"},"comment_info":0,"_links":{"self":[{"href":"https:\/\/www.outdoorpromise.org\/es\/wp-json\/wp\/v2\/pages\/6023","targetHints":{"allow":["GET"]}}],"collection":[{"href":"https:\/\/www.outdoorpromise.org\/es\/wp-json\/wp\/v2\/pages"}],"about":[{"href":"https:\/\/www.outdoorpromise.org\/es\/wp-json\/wp\/v2\/types\/page"}],"author":[{"embeddable":true,"href":"https:\/\/www.outdoorpromise.org\/es\/wp-json\/wp\/v2\/users\/1"}],"replies":[{"embeddable":true,"href":"https:\/\/www.outdoorpromise.org\/es\/wp-json\/wp\/v2\/comments?post=6023"}],"version-history":[{"count":1,"href":"https:\/\/www.outdoorpromise.org\/es\/wp-json\/wp\/v2\/pages\/6023\/revisions"}],"predecessor-version":[{"id":6025,"href":"https:\/\/www.outdoorpromise.org\/es\/wp-json\/wp\/v2\/pages\/6023\/revisions\/6025"}],"wp:attachment":[{"href":"https:\/\/www.outdoorpromise.org\/es\/wp-json\/wp\/v2\/media?parent=6023"}],"curies":[{"name":"wp","href":"https:\/\/api.w.org\/{rel}","templated":true}]}}