{"id":6029,"date":"2018-02-20T01:32:17","date_gmt":"2018-02-20T06:32:17","guid":{"rendered":"https:\/\/www.outdoorpromise.org\/teoria-del-cambio\/"},"modified":"2025-10-19T10:09:31","modified_gmt":"2025-10-19T14:09:31","slug":"teoria-del-cambio__trashed","status":"publish","type":"page","link":"https:\/\/www.outdoorpromise.org\/es\/teoria-del-cambio__trashed\/","title":{"rendered":"TEOR\u00cdA DEL CAMBIO"},"content":{"rendered":"<p id=\"yui_3_17_2_1_1519098168881_369\" style=\"word-wrap: break-word;\"><strong style=\"word-wrap: break-word;\">El problema:<\/strong> las familias no pasan suficiente tiempo al aire libre. Muchos estudiantes se est\u00e1n quedando rezagados en todo el pa\u00eds en las materias fundamentales de Ciencia, Tecnolog\u00eda, Ingenier\u00eda, Arte y Matem\u00e1ticas (S.T.E.A.M.). Las mujeres y las minor\u00edas est\u00e1n claramente infrarrepresentadas en los campos relacionados con el S.T.E.A.M., que representan una parte cada vez mayor del mercado laboral actual y se espera que crezca en el futuro.<\/p>\n<p style=\"word-wrap: break-word;\"><strong style=\"word-wrap: break-word;\">Nuestra misi\u00f3n:<\/strong> Aumentar la exposici\u00f3n y el inter\u00e9s de los j\u00f3venes por la Ciencia, la Tecnolog\u00eda, la Ingenier\u00eda, las Artes y las Matem\u00e1ticas (S.T.E.A.M.) integrando el estudio de los conceptos S.T.E.A.M. con la exploraci\u00f3n del mundo natural tambi\u00e9n con sus familias.<\/p>\n<p style=\"word-wrap: break-word;\"><strong style=\"word-wrap: break-word;\">Nuestra visi\u00f3n:<\/strong> Crear un programa escalable de educaci\u00f3n al aire libre dirigido a j\u00f3venes desfavorecidos, que incorpore los conceptos S.T.E.A.M. y mejore al mismo tiempo la forma f\u00edsica, el rendimiento acad\u00e9mico y la conciencia medioambiental.<\/p>\n<p style=\"word-wrap: break-word;\"><strong style=\"word-wrap: break-word;\">La oportunidad:<\/strong> Aprovechar los beneficios inherentes al tiempo pasado al aire libre y utilizar el mundo natural como aula para explorar los conceptos S.T.E.A.M. Involucrar a familias y j\u00f3venes en el aprendizaje a trav\u00e9s de la exploraci\u00f3n del mundo que les rodea.<\/p>\n<p style=\"word-wrap: break-word;\"><strong style=\"word-wrap: break-word;\">Nuestras aportaciones:<\/strong> Plan de estudios, actividades y formaci\u00f3n S.T.E.A.M. replicables para educadores.<\/p>\n<p style=\"word-wrap: break-word; margin-bottom: 0px;\"><strong style=\"word-wrap: break-word;\">Nuestras actividades:<\/strong> S.T.E.A.M. a medida Programas, Lecci\u00f3n en una caja, Excursiones de un d\u00eda y Acampada\/alojamiento nocturno.<\/p>\n\n<hr class=\"wp-block-separator\"\/>\n\n<h2 class=\"wp-block-heading\" style=\"text-align:center\">Outdoor Promise &#8211; Teor\u00eda del cambio<\/h2>\n\n<h4 class=\"wp-block-heading\" style=\"text-align:center\"><strong>IMPACTO INDIVIDUAL<\/strong><\/h4>\n\n<ul class=\"wp-block-list\"><li>MAYOR COMPRENSI\u00d3N DEL MUNDO NATURAL; CONOCIMIENTO<\/li><li>AUMENTO DE LA ACTIVIDAD F\u00cdSICA<\/li><li>MAYOR INTER\u00c9S POR EL S.T.E.A.M. &#8211; DESPERTAR EL DESEO DE CONTINUAR CON EL S.T.E.A.M. APRENDIZAJE<\/li><\/ul>\n\n<h4 class=\"wp-block-heading\" style=\"text-align:center\"><strong>IMPACTO FAMILIAR<\/strong><\/h4>\n\n<ul class=\"wp-block-list\"><li>LA EXPOSICI\u00d3N AL AIRE LIBRE AUMENTA LA ATENCI\u00d3N PLENA, LO QUE SE ATRIBUYE A LA REDUCCI\u00d3N DEL ESTR\u00c9S; MEJOR EQUIPADOS PARA SUPERAR LA ADVERSIDAD.<\/li><li>LOS ENTORNOS DE APRENDIZAJE COLABORATIVO MEJORAN LAS CAPACIDADES DE RESOLUCI\u00d3N DE CONFLICTOS Y COOPERACI\u00d3N.<\/li><li>OPORTUNIDADES ECON\u00d3MICAS A TRAV\u00c9S DE UNA CARRERA EN EL CRECIENTE S.T.E.A.M. CAMPOS<\/li><\/ul>\n\n<h4 class=\"wp-block-heading\" style=\"text-align:center\"><strong>IMPACTO EN LA COMUNIDAD<\/strong><\/h4>\n\n<ul class=\"wp-block-list\"><li>LOS ENTORNOS DE APRENDIZAJE COLABORATIVO MEJORAN LAS CAPACIDADES DE RESOLUCI\u00d3N DE CONFLICTOS Y COOPERACI\u00d3N.<\/li><li>LOS PARTICIPANTES CUBRIR\u00c1N EL DESFASE EXISTENTE ENTRE LA OFERTA Y LA DEMANDA DEL S.T.E.A.M. CREAR COMUNIDADES M\u00c1S SOSTENIBLES BRINDANDO A LOS J\u00d3VENES DESFAVORECIDOS LA OPORTUNIDAD DE APROVECHAR SUS CAPACIDADES DE COOPERACI\u00d3N Y LIDERAZGO PARA CONVERTIRSE EN AGENTES DEL CAMBIO EN SUS COMUNIDADES.<\/li><li>OPORTUNIDADES ECON\u00d3MICAS A TRAV\u00c9S DE UNA CARRERA EN EL CRECIENTE S.T.E.A.M. CAMPOS<\/li><\/ul>\n\n<h4 class=\"wp-block-heading\" style=\"text-align:center\"><strong>IMPACTO GENERACIONAL<\/strong><\/h4>\n\n<ul class=\"wp-block-list\"><li>CREAR UNA CIUDADAN\u00cdA M\u00c1S CONCIENCIADA CON EL MEDIO AMBIENTE Y ROMPER EL CICLO DE POBREZA INTERGENERACIONAL PARA LOS J\u00d3VENES QUE PERSIGUEN EL S.T.E.A.M. CAMPOS<\/li><\/ul>\n\n<p><\/p>\n","protected":false},"excerpt":{"rendered":"<p>El problema: las familias no pasan suficiente tiempo al aire libre. Muchos estudiantes se est\u00e1n quedando rezagados en todo el pa\u00eds en las materias fundamentales de Ciencia, Tecnolog\u00eda, Ingenier\u00eda, Arte y Matem\u00e1ticas (S.T.E.A.M.). Las mujeres y las minor\u00edas est\u00e1n claramente infrarrepresentadas en los campos relacionados con el S.T.E.A.M., que representan una parte cada vez mayor [&hellip;]<\/p>\n","protected":false},"author":1,"featured_media":5342,"parent":0,"menu_order":0,"comment_status":"closed","ping_status":"closed","template":"","meta":{"_kad_blocks_custom_css":"","_kad_blocks_head_custom_js":"","_kad_blocks_body_custom_js":"","_kad_blocks_footer_custom_js":"","_wp_convertkit_post_meta":{"form":"-1","landing_page":"0","tag":"0","restrict_content":"0"},"footnotes":""},"class_list":["post-6029","page","type-page","status-publish","has-post-thumbnail","hentry"],"blocksy_meta":[],"taxonomy_info":[],"featured_image_src_large":["https:\/\/www.outdoorpromise.org\/wp-content\/uploads\/2018\/02\/IMG_7852-1024x683.jpg",1024,683,true],"author_info":{"display_name":"Ronald Zorrilla","author_link":"https:\/\/www.outdoorpromise.org\/es\/author\/infooutdoorpromise-org\/"},"comment_info":0,"_links":{"self":[{"href":"https:\/\/www.outdoorpromise.org\/es\/wp-json\/wp\/v2\/pages\/6029","targetHints":{"allow":["GET"]}}],"collection":[{"href":"https:\/\/www.outdoorpromise.org\/es\/wp-json\/wp\/v2\/pages"}],"about":[{"href":"https:\/\/www.outdoorpromise.org\/es\/wp-json\/wp\/v2\/types\/page"}],"author":[{"embeddable":true,"href":"https:\/\/www.outdoorpromise.org\/es\/wp-json\/wp\/v2\/users\/1"}],"replies":[{"embeddable":true,"href":"https:\/\/www.outdoorpromise.org\/es\/wp-json\/wp\/v2\/comments?post=6029"}],"version-history":[{"count":1,"href":"https:\/\/www.outdoorpromise.org\/es\/wp-json\/wp\/v2\/pages\/6029\/revisions"}],"predecessor-version":[{"id":6030,"href":"https:\/\/www.outdoorpromise.org\/es\/wp-json\/wp\/v2\/pages\/6029\/revisions\/6030"}],"wp:featuredmedia":[{"embeddable":true,"href":"https:\/\/www.outdoorpromise.org\/es\/wp-json\/wp\/v2\/media\/5342"}],"wp:attachment":[{"href":"https:\/\/www.outdoorpromise.org\/es\/wp-json\/wp\/v2\/media?parent=6029"}],"curies":[{"name":"wp","href":"https:\/\/api.w.org\/{rel}","templated":true}]}}