{"id":6045,"date":"2018-10-05T19:39:08","date_gmt":"2018-10-05T23:39:08","guid":{"rendered":"https:\/\/www.outdoorpromise.org\/politica-de-privacidad\/"},"modified":"2025-10-19T10:08:45","modified_gmt":"2025-10-19T14:08:45","slug":"politica-de-privacidad__trashed","status":"publish","type":"page","link":"https:\/\/www.outdoorpromise.org\/es\/politica-de-privacidad__trashed\/","title":{"rendered":"Pol\u00edtica de privacidad"},"content":{"rendered":"<h1><b>Pol\u00edtica de privacidad<\/b><\/h1>\n<p><b>\u00daltima actualizaci\u00f3n<\/b><span style=\"font-weight: 400;\">: 10 de octubre de 2018<\/span><\/p>\n<p><span style=\"font-weight: 400;\">Outdoor Promise se compromete a proteger la privacidad de los visitantes de nuestro sitio web, de los suscriptores de nuestros boletines informativos y de quienes faciliten informaci\u00f3n de contacto. Adem\u00e1s, Outdoor Promise se opone al env\u00edo no autorizado de correo electr\u00f3nico comercial, tambi\u00e9n conocido como spam. Por favor, lea la siguiente Pol\u00edtica de Privacidad y Spam para entender c\u00f3mo se trata su informaci\u00f3n personal. De vez en cuando, Outdoor Promise puede ofrecer nueva informaci\u00f3n o servicios que pueden afectar a esta pol\u00edtica. Si tiene alguna pregunta o duda sobre esta Pol\u00edtica de privacidad y spam, env\u00ede un correo electr\u00f3nico a  <\/span><span style=\"font-weight: 400;\">info@outdoorpromise.org<\/span><span style=\"font-weight: 400;\">. Los abusos de spam tambi\u00e9n pueden notificarse en  <\/span><span style=\"font-weight: 400;\">info@outdoorpromise.org<\/span><span style=\"font-weight: 400;\">.<\/span><\/p>\n<p><b>\u00bfQU\u00c9 INFORMACI\u00d3N RECOGEMOS Y C\u00d3MO SE UTILIZA?<\/b><\/p>\n<p><b>Informaci\u00f3n que env\u00eda voluntariamente al sitio web<\/b><span style=\"font-weight: 400;\">: Podemos recopilar informaci\u00f3n personal sobre usted, como su nombre o su direcci\u00f3n de correo electr\u00f3nico. Por ejemplo, puede enviar voluntariamente informaci\u00f3n personal a Outdoor Promise dejando un comentario, suscribi\u00e9ndose a un bolet\u00edn o enviando un formulario de contacto. Adem\u00e1s, al realizar determinadas compras descritas en el presente documento, podemos pedirle que cree un perfil de usuario, que le permitir\u00eda crear un nombre de usuario y una contrase\u00f1a. Almacenaremos el nombre de usuario, pero su contrase\u00f1a no ser\u00e1 visible en nuestros registros.<\/span><\/p>\n<p><b>Informaci\u00f3n que recopilamos de terceros<\/b><span style=\"font-weight: 400;\">: Podemos recibir informaci\u00f3n sobre usted de otras fuentes. Por ejemplo, si utiliza un programa inform\u00e1tico de terceros a trav\u00e9s del sitio, \u00e9stos pueden transferirnos informaci\u00f3n para su cumplimiento.<\/span><\/p>\n<p><b>Informaci\u00f3n recogida autom\u00e1ticamente<\/b><span style=\"font-weight: 400;\">: Recopilamos autom\u00e1ticamente cierta informaci\u00f3n sobre usted y el dispositivo con el que accede a Outdoor Promise. Por ejemplo, cuando utilice Outdoor Promise, registraremos su direcci\u00f3n IP, tipo de sistema operativo, tipo de navegador, sitio web de referencia, p\u00e1ginas visitadas y fechas y horas de acceso al sitio web. Tambi\u00e9n podemos recopilar informaci\u00f3n sobre las acciones que realiza al utilizar Outdoor Promise, como los enlaces en los que hace clic.<\/span><\/p>\n<p><b>Galletas<\/b><span style=\"font-weight: 400;\">: Podemos registrar informaci\u00f3n utilizando cookies, que son peque\u00f1os archivos de datos almacenados en su navegador por Outdoor Promise. Podemos utilizar tanto cookies de sesi\u00f3n, que expiran cuando usted cierra su navegador, como cookies persistentes, que permanecen en su navegador hasta que se borran, para ofrecerle una experiencia m\u00e1s personalizada en el sitio web.<\/span><\/p>\n<p><span style=\"font-weight: 400;\">La siguiente lista incluye ejemplos de formas espec\u00edficas en las que recopilamos informaci\u00f3n personal de los visitantes de nuestro sitio web y el tipo de informaci\u00f3n recopilada:<\/span><\/p>\n<p><b>Bolet\u00edn electr\u00f3nico<\/b><span style=\"font-weight: 400;\">: Para inscribirse en l\u00ednea a nuestros boletines electr\u00f3nicos, solicitamos la siguiente informaci\u00f3n obligatoria: (i) nombre, y (ii) direcci\u00f3n de correo electr\u00f3nico. Es obligatorio facilitar una direcci\u00f3n de correo electr\u00f3nico para recibir nuestro bolet\u00edn.<\/span><\/p>\n<p><b>Formularios de contacto<\/b><span style=\"font-weight: 400;\">: Para ponerse en contacto con Outdoor Promise con el fin de evaluar o contratar nuestros servicios o para responder a sus preguntas, utilizamos numerosos formularios en todo nuestro sitio. La informaci\u00f3n requerida var\u00eda en funci\u00f3n del formulario y, como m\u00e1ximo, incluye (i) nombre, y (ii) direcci\u00f3n de correo electr\u00f3nico. El suministro de esta informaci\u00f3n es obligatorio para recibir una respuesta de Outdoor Promise. El resto de la informaci\u00f3n solicitada en el formulario de inscripci\u00f3n es opcional.<\/span><\/p>\n<p><b>Compras en l\u00ednea<\/b><span style=\"font-weight: 400;\">: Cuando usted compra un producto de Outdoor Promise, podemos utilizar un sistema de compra en l\u00ednea de terceros, que se describe con m\u00e1s detalle a continuaci\u00f3n. Para procesar su pago, se requiere cierta informaci\u00f3n est\u00e1ndar, como la direcci\u00f3n y los datos de la tarjeta de cr\u00e9dito. Las transacciones est\u00e1n protegidas mediante encriptaci\u00f3n SSL y los datos de las tarjetas de cr\u00e9dito nunca se env\u00edan por correo electr\u00f3nico. La informaci\u00f3n crediticia se elimina peri\u00f3dicamente de nuestros sistemas.<\/span><\/p>\n<p><b>C\u00d3MO PUEDEN UTILIZARSE SUS DATOS PERSONALES<\/b><\/p>\n<p><span style=\"font-weight: 400;\">Outdoor Promise puede utilizar su informaci\u00f3n personal de las siguientes maneras:<\/span><\/p>\n<ul>\n<li style=\"font-weight: 400;\"><span style=\"font-weight: 400;\">Para operar y mantener el sitio web;<\/span><\/li>\n<li style=\"font-weight: 400;\"><span style=\"font-weight: 400;\">Para crear su cuenta, identificarle como usuario del sitio web y adaptar el sitio web a su cuenta;<\/span><\/li>\n<li style=\"font-weight: 400;\"><span style=\"font-weight: 400;\">Para enviarle informaci\u00f3n promocional, como boletines informativos. En cada bolet\u00edn electr\u00f3nico se informar\u00e1 de c\u00f3mo darse de baja de futuros env\u00edos;<\/span><\/li>\n<li style=\"font-weight: 400;\"><span style=\"font-weight: 400;\">Para enviarle comunicaciones administrativas, como correos electr\u00f3nicos administrativos, correos electr\u00f3nicos de confirmaci\u00f3n, avisos t\u00e9cnicos, actualizaciones de pol\u00edticas o alertas de seguridad;<\/span><\/li>\n<li style=\"font-weight: 400;\"><span style=\"font-weight: 400;\">Para responder a sus comentarios o consultas;<\/span><\/li>\n<li style=\"font-weight: 400;\"><span style=\"font-weight: 400;\">Proporcionarle asistencia al usuario;<\/span><\/li>\n<li style=\"font-weight: 400;\"><span style=\"font-weight: 400;\">Para seguir y medir el rendimiento del sitio web;<\/span><\/li>\n<li style=\"font-weight: 400;\"><span style=\"font-weight: 400;\">Para procesar el pago de las compras que realice a trav\u00e9s de Outdoor Promise;<\/span><\/li>\n<li style=\"font-weight: 400;\"><span style=\"font-weight: 400;\">Proteger, investigar y disuadir de actividades no autorizadas o ilegales;<\/span><\/li>\n<li style=\"font-weight: 400;\"><span style=\"font-weight: 400;\">Para revisar la eficacia de nuestros programas de marketing y analizar otras tendencias demogr\u00e1ficas generales;<\/span><\/li>\n<li style=\"font-weight: 400;\"><span style=\"font-weight: 400;\">Para notificarle nueva informaci\u00f3n o servicios que puedan ser de su inter\u00e9s; o,<\/span><\/li>\n<li style=\"font-weight: 400;\"><span style=\"font-weight: 400;\">Para enviar material promocional.<\/span><\/li>\n<\/ul>\n<p><b>\u00bfCOMPARTE OUTDOOR PROMISE MI INFORMACI\u00d3N?<\/b><\/p>\n<p><span style=\"font-weight: 400;\">Outdoor Promise no compartir\u00e1, alquilar\u00e1 ni vender\u00e1 su informaci\u00f3n personal identificable con terceros. No obstante, podemos compartir su informaci\u00f3n con terceros cuando estemos autorizados a hacerlo.<\/span><\/p>\n<p><span style=\"font-weight: 400;\">Adem\u00e1s, Outdoor Promise puede recurrir a terceros proveedores de servicios para atender diversos aspectos del sitio web. El uso de sus datos personales por parte de terceros proveedores de servicios se rige por sus respectivas pol\u00edticas de privacidad. Outdoor Promise utiliza actualmente los siguientes proveedores de servicios externos:<\/span><\/p>\n<p><b>Seguimiento<\/b><span style=\"font-weight: 400;\">: Outdoor Promise utiliza varias herramientas de marketing que nos ayudan a crear una mejor experiencia de usuario para las personas que visitan nuestro sitio. Estas herramientas nos permiten consultar datos agregados como patrones de desplazamiento, clics, y nos permiten realizar pruebas para determinar qu\u00e9 p\u00e1ginas dan lugar a las mejores acciones. Sin embargo, ninguna de estas herramientas utiliza sus datos personales. Utilizamos los siguientes proveedores de servicios externos para el seguimiento:<\/span><\/p>\n<p><span style=\"font-weight: 400;\">Google Analytics: <\/span><a href=\"https:\/\/support.google.com\/analytics\/answer\/6004245\" target=\"_blank\" rel=\"noopener\"><br \/>\n  <span style=\"font-weight: 400;\">Pol\u00edtica de privacidad<\/span><br \/>\n<\/a><\/p>\n<p><b>Remarketing<\/b><span style=\"font-weight: 400;\">: Outdoor Promise utiliza cookies de seguimiento de remarketing y p\u00edxeles de conversi\u00f3n de proveedores como Google y Facebook para presentarle ofertas especiales de nuestros productos o servicios a trav\u00e9s de la Red de Contenido de Google y de las redes sociales. Esto significa que puede ver un anuncio de uno de nuestros productos o servicios como resultado de su visita a nuestro sitio web. Adem\u00e1s, Outdoor Promise utiliza audiencias personalizadas basadas en correos electr\u00f3nicos y n\u00fameros de tel\u00e9fono de suscriptores y clientes. Esto nos permite presentarle ofertas especiales de nuestros productos y servicios a trav\u00e9s de Facebook y Google. Sin embargo, ning\u00fan servicio de remarketing utiliza su informaci\u00f3n personal identificable salvo para presentarle nuestras ofertas especiales. Utilizamos los siguientes proveedores de servicios externos para el remarketing:<\/span><\/p>\n<p><span style=\"font-weight: 400;\">Facebook: <\/span><a href=\"http:\/\/www.facebook.com\/help\/568137493302217\" target=\"_blank\" rel=\"noopener\"><br \/>\n  <span style=\"font-weight: 400;\">Opt-out of Facebook remarketing here<\/span><br \/>\n<\/a><\/p>\n<p><span style=\"font-weight: 400;\">Google: <\/span><a href=\"https:\/\/support.google.com\/ads\/answer\/2662922?hl=en\" target=\"_blank\" rel=\"noopener\"><br \/>\n  <span style=\"font-weight: 400;\">Inhabilitaci\u00f3n del remarketing de Google aqu\u00ed<\/span><br \/>\n<\/a><\/p>\n<p><b>Boletines<\/b><span style=\"font-weight: 400;\">: Outdoor Promise utiliza Drip como proveedor de servicios de correo electr\u00f3nico. Drip recopila informaci\u00f3n de contacto, distribuye nuestro bolet\u00edn de noticias y realiza un seguimiento de las acciones que realiza que nos ayuda a medir el rendimiento del sitio web y de los boletines de noticias. Al suscribirse, Drip tambi\u00e9n rastrea las p\u00e1ginas que visita en el sitio web. Si se convierte en cliente, la informaci\u00f3n sobre los productos que compra se transmite a Drip.<\/span><\/p>\n<p><span style=\"font-weight: 400;\">Nuestros boletines contienen p\u00edxeles de seguimiento. Este p\u00edxel est\u00e1 incrustado en los correos electr\u00f3nicos y nos permite analizar el \u00e9xito de nuestros boletines. Gracias a estos p\u00edxeles de seguimiento, podemos ver si abre un mensaje de correo electr\u00f3nico y cu\u00e1ndo lo hace, en qu\u00e9 enlaces del mensaje hace clic y las p\u00e1ginas que visita en nuestro sitio web. Este comportamiento no se transmite a terceros. Todos los datos enviados en el momento de la suscripci\u00f3n a nuestro bolet\u00edn se almacenan en los servidores de Drip.  <\/span><a href=\"https:\/\/www.drip.com\/privacy\" target=\"_blank\" rel=\"noopener\"><span style=\"font-weight: 400;\">Puede acceder a la pol\u00edtica de privacidad de Drip aqu\u00ed<\/span><\/a><span style=\"font-weight: 400;\">. En cualquier momento, puede darse de baja de nuestra lista de boletines haciendo clic en el bot\u00f3n para darse de baja que aparece en cada correo electr\u00f3nico.<\/span><\/p>\n<p><span style=\"font-weight: 400;\">Tambi\u00e9n podemos recurrir a un servicio de terceros, OptinMonster, para dar servicio a determinados buzones de suscripci\u00f3n emergentes. Cualquier informaci\u00f3n recopilada por OptinMonster se transmite directamente a Drip y no es almacenada por ninguna otra parte que no sea Drip.<\/span><\/p>\n<p><b>Compras<\/b><span style=\"font-weight: 400;\">: Outdoor Promise utiliza Stripe y PayPal para realizar los pagos de algunos servicios.<\/span><\/p>\n<ul>\n<li> <b><br \/>\n  <i> Stripe<\/i><br \/>\n<\/b><span style=\"font-weight: 400;\"> recopila informaci\u00f3n personal como su nombre, direcci\u00f3n de correo electr\u00f3nico, c\u00f3digo postal e informaci\u00f3n de pago. <\/span><a href=\"https:\/\/stripe.com\/us\/privacy\/\" target=\"_blank\" rel=\"noopener\"><br \/>\n  <span style=\"font-weight: 400;\">Puede acceder a la pol\u00edtica de privacidad de Stripe aqu\u00ed.<\/span><br \/>\n<\/a><span style=\"font-weight: 400;\">. Al realizar una compra a trav\u00e9s de Stripe, recibir\u00e1 confirmaciones por correo electr\u00f3nico en la direcci\u00f3n de correo electr\u00f3nico que indique durante la compra. Estos correos electr\u00f3nicos se env\u00edan a trav\u00e9s de diversos servicios, como se indica a continuaci\u00f3n.<\/span><\/li>\n<li> <b><br \/>\n  <i> PayPal<\/i><br \/>\n<\/b><span style=\"font-weight: 400;\"> recopila informaci\u00f3n personal como su nombre, direcci\u00f3n de correo electr\u00f3nico, direcci\u00f3n e informaci\u00f3n de pago. <\/span><a href=\"https:\/\/www.paypal.com\/webapps\/mpp\/ua\/privacy-full\" target=\"_blank\" rel=\"noopener\"><br \/>\n  <span style=\"font-weight: 400;\">Puede acceder a la Pol\u00edtica de privacidad de PayPal aqu\u00ed<\/span><br \/>\n<\/a><span style=\"font-weight: 400;\">. Al realizar una compra a trav\u00e9s de Stripe, recibir\u00e1 confirmaciones por correo electr\u00f3nico en la direcci\u00f3n de correo electr\u00f3nico que indique durante la compra. Estos correos electr\u00f3nicos se env\u00edan a trav\u00e9s de diversos servicios, como se indica a continuaci\u00f3n.<\/span><\/li>\n<\/ul>\n<p><b>Encuestas<\/b><span style=\"font-weight: 400;\">: Peri\u00f3dicamente, podemos invitarle a rellenar una encuesta voluntaria. Todas las encuestas se rellenan a trav\u00e9s de Survey Monkey. Todas las respuestas a la encuesta pueden enviarse de forma an\u00f3nima y s\u00f3lo se almacena su direcci\u00f3n IP. Puede introducir voluntariamente su nombre y direcci\u00f3n de correo electr\u00f3nico. Todos los datos enviados a trav\u00e9s de Survey Monkey se almacenan en sus servidores y est\u00e1n sujetos a la  <\/span><a href=\"https:\/\/www.surveymonkey.com\/mp\/legal\/privacy-policy\/\" target=\"_blank\" rel=\"noopener\"><br \/>\n  <span style=\"font-weight: 400;\">Pol\u00edtica de privacidad de Survey Monkey<\/span><br \/>\n<\/a><span style=\"font-weight: 400;\">.<\/span><\/p>\n<p><b>Seminarios en l\u00ednea<\/b><span style=\"font-weight: 400;\">: De vez en cuando, Outdoor Promise organizar\u00e1 seminarios web a trav\u00e9s de Demio, GoToWebinar o Crowdcast. Si decide participar en un seminario web, se le pedir\u00e1 que env\u00ede informaci\u00f3n personal para registrarse e iniciar sesi\u00f3n. Tambi\u00e9n puede recibir comunicaciones por correo electr\u00f3nico sobre recordatorios y disponibilidad de reproducciones.<\/span><\/p>\n<p><span style=\"font-weight: 400;\">Toda la informaci\u00f3n enviada para su participaci\u00f3n es almacenada por el software que aloja el seminario web. Consulte sus pol\u00edticas de privacidad individuales.<\/span><\/p>\n<p><span style=\"font-weight: 400;\">Demio: <\/span><a href=\"https:\/\/demio.com\/privacy-policy\" target=\"_blank\" rel=\"noopener\"><br \/>\n  <span style=\"font-weight: 400;\">Pol\u00edtica de privacidad<\/span><br \/>\n<\/a><\/p>\n<p><span style=\"font-weight: 400;\">GoToWebinar: <\/span><span style=\"font-weight: 400;\">Pol\u00edtica de privacidad<\/span><\/p>\n<p><span style=\"font-weight: 400;\">Crowdcast: <\/span><a href=\"https:\/\/www.crowdcast.io\/privacy-policy\" target=\"_blank\" rel=\"noopener\"><br \/>\n  <span style=\"font-weight: 400;\">Pol\u00edtica de privacidad<\/span><br \/>\n<\/a><\/p>\n<p><b>Informaci\u00f3n de contacto y asistencia del sitio web<\/b><span style=\"font-weight: 400;\">: Ofrecemos m\u00faltiples formas de contactar con Outdoor Promise, incluyendo formularios de contacto, correos electr\u00f3nicos y chat. Si en alg\u00fan momento intenta ponerse en contacto con nosotros a trav\u00e9s de un formulario de contacto, la informaci\u00f3n que nos proporcione se almacenar\u00e1 en nuestros servidores. Si nos env\u00eda un formulario o un correo electr\u00f3nico, utilizamos WordPress para procesar todas estas consultas y hacer un seguimiento de las respuestas.  <\/span><\/p>\n<p><b>Comentarios<\/b><span style=\"font-weight: 400;\">: Outdoor Promise utiliza Disqus para facilitarte la tarea de dejar comentarios en las entradas del blog. La informaci\u00f3n personal que introduzca para los comentarios se almacenar\u00e1 en los servidores de Disqus, de conformidad con la  <\/span><a href=\"https:\/\/help.disqus.com\/terms-and-policies\/disqus-privacy-policy\" target=\"_blank\" rel=\"noopener\"><br \/>\n  <span style=\"font-weight: 400;\">Pol\u00edtica de privacidad de Disqus<\/span><br \/>\n<\/a><span style=\"font-weight: 400;\">.<\/span><\/p>\n<p><span style=\"font-weight: 400;\">En este momento, su informaci\u00f3n personal no se comparte con ninguna otra aplicaci\u00f3n de terceros. Esta lista podr\u00e1 modificarse ocasionalmente a discreci\u00f3n de Outdoor Promise.<\/span><\/p>\n<p><span style=\"font-weight: 400;\">Excepto cuando lo exija la ley, no venderemos, distribuiremos ni revelaremos su(s) direcci\u00f3n(es) de correo electr\u00f3nico u otra informaci\u00f3n personal sin su consentimiento; sin embargo, podemos revelar o transferir informaci\u00f3n personal recopilada a trav\u00e9s de Outdoor Promise a terceros que adquieran la totalidad o una parte de nuestro negocio, lo que puede ser el resultado de una fusi\u00f3n, consolidaci\u00f3n o compra de la totalidad o una parte de nuestros activos, o en relaci\u00f3n con cualquier procedimiento de quiebra o reorganizaci\u00f3n iniciado por o contra nosotros.<\/span><\/p>\n<p><b>DATOS AN\u00d3NIMOS<\/b><\/p>\n<p><span style=\"font-weight: 400;\">De vez en cuando, podemos utilizar datos an\u00f3nimos, que no le identifican por s\u00ed solos, o cuando se combinan con datos de otras partes. Este tipo de datos an\u00f3nimos pueden facilitarse a terceros para fines de marketing, publicidad u otros usos. Ejemplos de estos datos an\u00f3nimos pueden incluir an\u00e1lisis o informaci\u00f3n recogida de cookies.<\/span><\/p>\n<p><b>INFORMACI\u00d3N P\u00daBLICAMENTE VISIBLE<\/b><\/p>\n<p><span style=\"font-weight: 400;\">Si crea un perfil de usuario en Outdoor Promise o deja un comentario en Outdoor Promise, cierta informaci\u00f3n puede ser p\u00fablicamente visible.<\/span><\/p>\n<p><b>COOKIES<\/b><\/p>\n<p><span style=\"font-weight: 400;\">Outdoor Promise utiliza cookies para: almacenar las preferencias de los visitantes; registrar informaci\u00f3n espec\u00edfica sobre las p\u00e1ginas a las que acceden o visitan los usuarios; garantizar que no se env\u00edan repetidamente a los visitantes los mismos anuncios publicitarios; o personalizar nuestro contenido en funci\u00f3n del tipo de navegador de los visitantes u otra informaci\u00f3n que env\u00ede el visitante. Las cookies tambi\u00e9n pueden ser utilizadas por servicios de terceros, como Google Analytics, tal y como se describe en el presente documento.<\/span><\/p>\n<p><span style=\"font-weight: 400;\">En cualquier momento, puede impedir la instalaci\u00f3n de cookies por parte del sitio web, mediante el ajuste correspondiente de su navegador de Internet y, de este modo, puede denegar permanentemente la instalaci\u00f3n de cookies. Adem\u00e1s, las cookies ya instaladas pueden eliminarse en cualquier momento a trav\u00e9s de un navegador de Internet u otros programas de software. Esto es posible en todos los navegadores de Internet populares. No obstante, si el usuario desactiva la instalaci\u00f3n de cookies en su navegador de Internet, es posible que no pueda utilizar por completo todas las funciones de Outdoor Promise.<\/span><\/p>\n<p><b>\u00bfQU\u00c9 OCURRE SI HAY CAMBIOS EN ESTA POL\u00cdTICA DE PRIVACIDAD Y SPAM?<\/b><\/p>\n<p><span style=\"font-weight: 400;\">Si cambiamos nuestra Pol\u00edtica de Privacidad y Spam, publicaremos dichos cambios en nuestra p\u00e1gina de privacidad en https:\/\/www.socialmediaexaminer.com\/privacy\/.<\/span><\/p>\n<p><b>DERECHOS RELACIONADOS CON SUS DATOS PERSONALES<\/b><\/p>\n<p><b>Opt-out<\/b><span style=\"font-weight: 400;\">: Puede darse de baja de futuras comunicaciones por correo electr\u00f3nico siguiendo los enlaces para darse de baja que aparecen en nuestros correos electr\u00f3nicos. Tambi\u00e9n puede notific\u00e1rnoslo en  <\/span><span style=\"font-weight: 400;\">info@outdoorpromise.org<\/span><span style=\"font-weight: 400;\"> para darse de baja de nuestra lista de correo.<\/span><\/p>\n","protected":false},"excerpt":{"rendered":"<p>Pol\u00edtica de privacidad \u00daltima actualizaci\u00f3n: 10 de octubre de 2018 Outdoor Promise se compromete a proteger la privacidad de los visitantes de nuestro sitio web, de los suscriptores de nuestros boletines informativos y de quienes faciliten informaci\u00f3n de contacto. Adem\u00e1s, Outdoor Promise se opone al env\u00edo no autorizado de correo electr\u00f3nico comercial, tambi\u00e9n conocido como [&hellip;]<\/p>\n","protected":false},"author":1,"featured_media":0,"parent":0,"menu_order":0,"comment_status":"closed","ping_status":"closed","template":"","meta":{"_kad_blocks_custom_css":"","_kad_blocks_head_custom_js":"","_kad_blocks_body_custom_js":"","_kad_blocks_footer_custom_js":"","_wp_convertkit_post_meta":{"form":"-1","landing_page":"0","tag":"0","restrict_content":"0"},"footnotes":""},"class_list":["post-6045","page","type-page","status-publish","hentry"],"blocksy_meta":[],"taxonomy_info":[],"featured_image_src_large":false,"author_info":{"display_name":"Ronald Zorrilla","author_link":"https:\/\/www.outdoorpromise.org\/es\/author\/infooutdoorpromise-org\/"},"comment_info":0,"_links":{"self":[{"href":"https:\/\/www.outdoorpromise.org\/es\/wp-json\/wp\/v2\/pages\/6045","targetHints":{"allow":["GET"]}}],"collection":[{"href":"https:\/\/www.outdoorpromise.org\/es\/wp-json\/wp\/v2\/pages"}],"about":[{"href":"https:\/\/www.outdoorpromise.org\/es\/wp-json\/wp\/v2\/types\/page"}],"author":[{"embeddable":true,"href":"https:\/\/www.outdoorpromise.org\/es\/wp-json\/wp\/v2\/users\/1"}],"replies":[{"embeddable":true,"href":"https:\/\/www.outdoorpromise.org\/es\/wp-json\/wp\/v2\/comments?post=6045"}],"version-history":[{"count":1,"href":"https:\/\/www.outdoorpromise.org\/es\/wp-json\/wp\/v2\/pages\/6045\/revisions"}],"predecessor-version":[{"id":7460,"href":"https:\/\/www.outdoorpromise.org\/es\/wp-json\/wp\/v2\/pages\/6045\/revisions\/7460"}],"wp:attachment":[{"href":"https:\/\/www.outdoorpromise.org\/es\/wp-json\/wp\/v2\/media?parent=6045"}],"curies":[{"name":"wp","href":"https:\/\/api.w.org\/{rel}","templated":true}]}}