{"id":6052,"date":"2020-06-21T05:50:08","date_gmt":"2020-06-21T09:50:08","guid":{"rendered":"https:\/\/www.outdoorpromise.org\/acerca-de-outdoor-promise\/"},"modified":"2025-10-19T10:06:33","modified_gmt":"2025-10-19T14:06:33","slug":"acerca-de-outdoor-promise__trashed","status":"publish","type":"page","link":"https:\/\/www.outdoorpromise.org\/es\/acerca-de-outdoor-promise__trashed\/","title":{"rendered":"Acerca de Outdoor Promise"},"content":{"rendered":"\n<p>Outdoor Promise es una organizaci\u00f3n sin \u00e1nimo de lucro dedicada a crear una experiencia al aire libre m\u00e1s integradora y sostenible para todos. Creemos que todo el mundo debe tener la oportunidad de explorar, conectar y proteger el mundo natural, independientemente de su origen o circunstancias. Por eso hemos dise\u00f1ado nuestros programas para que se centren en el acceso equitativo de los j\u00f3venes, las familias y las personas que hist\u00f3ricamente han estado infrarrepresentadas en las actividades recreativas al aire libre.<\/p>\n\n<p>Nuestros programas combinan proyectos de aprendizaje-servicio, compromiso con la comunidad, exploraci\u00f3n al aire libre y educaci\u00f3n para inspirar y apoyar a la pr\u00f3xima generaci\u00f3n de l\u00edderes al aire libre. Creemos que una comunidad comprometida que trabaje unida puede marcar una diferencia real en la protecci\u00f3n del medio ambiente, empezando por sus propios patios traseros. A medida que nuestra poblaci\u00f3n se hace m\u00e1s urbana, es m\u00e1s importante que nunca ofrecer oportunidades para que la gente experimente la belleza y el asombro de la naturaleza y se convierta en ciudadanos comprometidos y responsables.<\/p>\n\n<h2 class=\"wp-block-heading\">Misi\u00f3n<\/h2>\n\n<p>La misi\u00f3n de Outdoor Promise es inspirar a los j\u00f3venes urbanos y a las familias para que aprecien el mundo natural, fomenten la justicia medioambiental y cultiven sus habilidades de liderazgo al aire libre para vivir aventuras seguras y agradables. Nos dedicamos a aumentar el acceso a las actividades recreativas al aire libre, la gesti\u00f3n medioambiental y las oportunidades equitativas para todos, independientemente de su origen socioecon\u00f3mico. Reconociendo que es m\u00e1s probable que la gente proteja la naturaleza que ha experimentado de primera mano, nuestro objetivo es tender un puente entre las comunidades desfavorecidas y la naturaleza. Outdoor Promise ofrece experiencias transformadoras al aire libre, programas integrales de educaci\u00f3n al aire libre e iniciativas inclusivas de gesti\u00f3n medioambiental, capacitando a los participantes para que se conviertan en defensores informados del mundo natural y defensores de la justicia medioambiental.<\/p>\n\n<blockquote class=\"wp-block-quote is-layout-flow wp-block-quote-is-layout-flow\">\n<p>Nos conocer\u00e1n por las huellas que dejemos.<\/p>\n<cite>Proverbio nativo americano<\/cite><\/blockquote>\n\n<div class=\"alignwide\">[metaslider id=\u00bb1574&#8243; cssclass=\u00bb\u00bb]<\/div>\n\n<p><\/p>\n","protected":false},"excerpt":{"rendered":"<p>Outdoor Promise es una organizaci\u00f3n sin \u00e1nimo de lucro dedicada a crear una experiencia al aire libre m\u00e1s integradora y sostenible para todos. Creemos que todo el mundo debe tener la oportunidad de explorar, conectar y proteger el mundo natural, independientemente de su origen o circunstancias. Por eso hemos dise\u00f1ado nuestros programas para que se [&hellip;]<\/p>\n","protected":false},"author":1,"featured_media":5660,"parent":0,"menu_order":0,"comment_status":"closed","ping_status":"closed","template":"","meta":{"_kad_blocks_custom_css":"","_kad_blocks_head_custom_js":"","_kad_blocks_body_custom_js":"","_kad_blocks_footer_custom_js":"","footnotes":""},"class_list":["post-6052","page","type-page","status-publish","has-post-thumbnail","hentry"],"blocksy_meta":[],"taxonomy_info":[],"featured_image_src_large":["https:\/\/www.outdoorpromise.org\/wp-content\/uploads\/2019\/10\/UNADJUSTEDNONRAW_thumb_794c-min-1024x576.jpg",1024,576,true],"author_info":{"display_name":"Ronald Zorrilla","author_link":"https:\/\/www.outdoorpromise.org\/es\/author\/infooutdoorpromise-org\/"},"comment_info":0,"_links":{"self":[{"href":"https:\/\/www.outdoorpromise.org\/es\/wp-json\/wp\/v2\/pages\/6052","targetHints":{"allow":["GET"]}}],"collection":[{"href":"https:\/\/www.outdoorpromise.org\/es\/wp-json\/wp\/v2\/pages"}],"about":[{"href":"https:\/\/www.outdoorpromise.org\/es\/wp-json\/wp\/v2\/types\/page"}],"author":[{"embeddable":true,"href":"https:\/\/www.outdoorpromise.org\/es\/wp-json\/wp\/v2\/users\/1"}],"replies":[{"embeddable":true,"href":"https:\/\/www.outdoorpromise.org\/es\/wp-json\/wp\/v2\/comments?post=6052"}],"version-history":[{"count":1,"href":"https:\/\/www.outdoorpromise.org\/es\/wp-json\/wp\/v2\/pages\/6052\/revisions"}],"predecessor-version":[{"id":6053,"href":"https:\/\/www.outdoorpromise.org\/es\/wp-json\/wp\/v2\/pages\/6052\/revisions\/6053"}],"wp:featuredmedia":[{"embeddable":true,"href":"https:\/\/www.outdoorpromise.org\/es\/wp-json\/wp\/v2\/media\/5660"}],"wp:attachment":[{"href":"https:\/\/www.outdoorpromise.org\/es\/wp-json\/wp\/v2\/media?parent=6052"}],"curies":[{"name":"wp","href":"https:\/\/api.w.org\/{rel}","templated":true}]}}