{"id":6203,"date":"2023-06-09T23:57:20","date_gmt":"2023-06-10T03:57:20","guid":{"rendered":"https:\/\/www.outdoorpromise.org\/aplicacion-lider-rep-nature\/"},"modified":"2025-10-19T10:06:33","modified_gmt":"2025-10-19T14:06:33","slug":"aplicacion-lider-rep-nature__trashed","status":"publish","type":"page","link":"https:\/\/www.outdoorpromise.org\/es\/aplicacion-lider-rep-nature__trashed\/","title":{"rendered":"Aplicaci\u00f3n l\u00edder Rep Nature"},"content":{"rendered":"\n<h2 class=\"wp-block-heading\"><strong>Expectativas<\/strong><\/h2>\n\n<p>Como l\u00edder de Rep Nature, se espera que usted:<\/p>\n\n<ul class=\"wp-block-list\">\n<li>Comprometerse a completar el programa intensivo de capacitaci\u00f3n en liderazgo de <strong>3 d\u00edas y 2 noches del 28 al 30 de julio de 2023<\/strong>.<\/li>\n\n\n\n<li>Codirigir un m\u00ednimo de tres Community Day Hikes despu\u00e9s de la capacitaci\u00f3n.<\/li>\n\n\n\n<li>Comprometerse positivamente con todos los miembros de la comunidad y fomentar un entorno inclusivo y acogedor.<\/li>\n\n\n\n<li>Demostrar profesionalismo, responsabilidad y adaptabilidad.<\/li>\n\n\n\n<li>Transmitir sus conocimientos con entusiasmo.<\/li>\n\n\n\n<li>Mantener los principios de conservaci\u00f3n y administraci\u00f3n del medio ambiente.<\/li>\n\n\n\n<li>Estar disponible para actividades relacionadas con el programa, capacitaci\u00f3n y reuniones seg\u00fan sea necesario.<\/li>\n\n\n\n<li>Estar dispuesto a adaptarse y evolucionar para satisfacer las necesidades y objetivos del programa.<\/li>\n\n\n\n<li>Brindar apoyo, orientaci\u00f3n y aliento a todos los participantes, independientemente de sus habilidades o experiencias.<\/li>\n\n\n\n<li>Sea un modelo a seguir positivo, ejemplificando los principios y valores del programa Rep Nature.<\/li>\n<\/ul>\n\n<h3 class=\"wp-block-heading\"><strong>Estipendio de la subvenci\u00f3n: $ 800<\/strong><\/h3>\n\n<p>Reconociendo su dedicaci\u00f3n y esfuerzos, nos complace ofrecer un estipendio de subvenci\u00f3n a quienes participan en el programa Rep Nature Leaders. Los participantes recibir\u00e1n una parte de la subvenci\u00f3n al completar la formaci\u00f3n inicial. Se otorgar\u00e1n subvenciones adicionales por cada Community Day Hike que codirijas. Esta subvenci\u00f3n es una muestra de agradecimiento por su compromiso con el programa en lugar de un pago por servicios. Al solicitar este programa, usted reconoce que comprende la estructura y la intenci\u00f3n del estipendio de la subvenci\u00f3n.<\/p>\n\n<hr class=\"wp-block-separator has-alpha-channel-opacity\"\/>\n\n<h2 class=\"wp-block-heading\">Solicitud<\/h2>\n","protected":false},"excerpt":{"rendered":"<p>Expectativas Como l\u00edder de Rep Nature, se espera que usted: Estipendio de la subvenci\u00f3n: $ 800 Reconociendo su dedicaci\u00f3n y esfuerzos, nos complace ofrecer un estipendio de subvenci\u00f3n a quienes participan en el programa Rep Nature Leaders. Los participantes recibir\u00e1n una parte de la subvenci\u00f3n al completar la formaci\u00f3n inicial. Se otorgar\u00e1n subvenciones adicionales por [&hellip;]<\/p>\n","protected":false},"author":1,"featured_media":0,"parent":0,"menu_order":0,"comment_status":"closed","ping_status":"closed","template":"","meta":{"_kad_blocks_custom_css":"","_kad_blocks_head_custom_js":"","_kad_blocks_body_custom_js":"","_kad_blocks_footer_custom_js":"","_wp_convertkit_post_meta":{"form":"-1","landing_page":"0","tag":"0","restrict_content":"0"},"footnotes":""},"class_list":["post-6203","page","type-page","status-publish","hentry"],"blocksy_meta":[],"taxonomy_info":[],"featured_image_src_large":false,"author_info":{"display_name":"Ronald Zorrilla","author_link":"https:\/\/www.outdoorpromise.org\/es\/author\/infooutdoorpromise-org\/"},"comment_info":0,"_links":{"self":[{"href":"https:\/\/www.outdoorpromise.org\/es\/wp-json\/wp\/v2\/pages\/6203","targetHints":{"allow":["GET"]}}],"collection":[{"href":"https:\/\/www.outdoorpromise.org\/es\/wp-json\/wp\/v2\/pages"}],"about":[{"href":"https:\/\/www.outdoorpromise.org\/es\/wp-json\/wp\/v2\/types\/page"}],"author":[{"embeddable":true,"href":"https:\/\/www.outdoorpromise.org\/es\/wp-json\/wp\/v2\/users\/1"}],"replies":[{"embeddable":true,"href":"https:\/\/www.outdoorpromise.org\/es\/wp-json\/wp\/v2\/comments?post=6203"}],"version-history":[{"count":1,"href":"https:\/\/www.outdoorpromise.org\/es\/wp-json\/wp\/v2\/pages\/6203\/revisions"}],"predecessor-version":[{"id":6206,"href":"https:\/\/www.outdoorpromise.org\/es\/wp-json\/wp\/v2\/pages\/6203\/revisions\/6206"}],"wp:attachment":[{"href":"https:\/\/www.outdoorpromise.org\/es\/wp-json\/wp\/v2\/media?parent=6203"}],"curies":[{"name":"wp","href":"https:\/\/api.w.org\/{rel}","templated":true}]}}