{"id":6351,"date":"2023-07-21T01:57:31","date_gmt":"2023-07-21T05:57:31","guid":{"rendered":"https:\/\/www.outdoorpromise.org\/descubre-la-naturaleza-con-outdoor-promise-%f0%9f%8c%b3\/"},"modified":"2025-10-19T10:06:33","modified_gmt":"2025-10-19T14:06:33","slug":"descubre-la-naturaleza-con-outdoor-promise-%f0%9f%8c%b3__trashed","status":"publish","type":"page","link":"https:\/\/www.outdoorpromise.org\/es\/descubre-la-naturaleza-con-outdoor-promise-%f0%9f%8c%b3__trashed\/","title":{"rendered":"\u00a1Descubre la naturaleza con Outdoor Promise! ?"},"content":{"rendered":"<style>html[dir=\"rtl\"] .wpml-language-switcher-block .wpml-ls-dropdown ul li.wp-block-navigation-submenu .wp-block-navigation-submenu__toggle img{margin-left:12px}html[dir=\"rtl\"] .wpml-language-switcher-block .wpml-ls-dropdown ul li.wp-block-navigation-submenu ul.isHorizontal li{text-align:right}html[dir=\"rtl\"] .wpml-language-switcher-block .wpml-ls-dropdown ul li.wp-block-navigation-submenu ul.isHorizontal li a img{margin-left:12px}.wpml-language-switcher-block{display:flex;box-sizing:border-box;width:100% !important}.wpml-language-switcher-block>.wp-block-navigation-item,.wpml-language-switcher-block>.wp-block-navigation-item>div{display:flex;width:100% !important}.wpml-language-switcher-block .wp-block-navigation__container{background:unset !important}.wpml-language-switcher-block .hide-arrow .wp-block-navigation__submenu-icon{display:none}.wpml-language-switcher-block .wpml-ls-dropdown .wp-block-navigation-submenu__toggle.wpml-ls-keyboard-focus ~ .wp-block-navigation__submenu-container,.wpml-language-switcher-block .wpml-ls-dropdown li.open-on-hover-click .wp-block-navigation-submenu__toggle:focus ~ .wp-block-navigation__submenu-container,.wpml-language-switcher-block .wpml-ls-dropdown li.open-on-hover-click .wp-block-navigation-submenu__toggle:focus-within ~ .wp-block-navigation__submenu-container,.wpml-language-switcher-block .wpml-ls-dropdown li.open-on-hover-click:focus-within>.wp-block-navigation__submenu-container{visibility:visible;opacity:1;display:block;overflow:visible}.wpml-language-switcher-block .wpml-ls-dropdown ul li button{padding:0}.wpml-language-switcher-block .wpml-ls-dropdown ul li button+.isHorizontal{min-width:inherit !important}.wpml-language-switcher-block .wpml-ls-dropdown ul li button+.isHorizontal li{width:inherit !important}.wpml-language-switcher-block .wpml-ls-dropdown ul li button+.isHorizontal li a{display:flex;align-items:center;min-width:max-content}.wpml-language-switcher-block .wpml-ls-dropdown ul li.wp-block-navigation-submenu ul.isHorizontal{margin:0;min-width:inherit !important}.wpml-language-switcher-block .wpml-ls-dropdown ul li.wp-block-navigation-submenu ul.isHorizontal li{width:inherit !important;text-align:left}.wpml-language-switcher-block .wpml-ls-dropdown ul li.wp-block-navigation-submenu ul.isHorizontal li a{display:flex;align-items:center;min-width:max-content}.wpml-language-switcher-block ul{list-style-type:none !important;padding:0 !important;width:100%}.wpml-language-switcher-block ul li{margin:0}.wpml-language-switcher-block ul li>a.wp-block-navigation-item__content:focus{outline:1px solid #2F7D92}.wpml-language-switcher-block ul li.is-focused{outline:1px solid #2F7D92}.wpml-language-switcher-block ul.wp-block-navigation__submenu-container{border:inherit !important;background-color:unset !important;min-width:unset !important}.wpml-language-switcher-block ul.wp-block-navigation__submenu-container .wp-block-navigation-item{border-radius:0 !important}.wpml-language-switcher-block ul.wp-block-navigation__submenu-container .wp-block-navigation-item a{display:flex;align-items:center;min-width:max-content;padding:1px}.wpml-language-switcher-block ul.horizontal-list{display:flex;flex-direction:row;align-items:center;justify-content:flex-start;margin:0 !important;gap:1em !important}.wpml-language-switcher-block ul.horizontal-list li{display:inline-block;margin:0;line-height:100%}.wpml-language-switcher-block ul.horizontal-list li a{line-height:100%}.wpml-language-switcher-block ul.center-justify{justify-content:center}.wpml-language-switcher-block ul.center-justify .wp-block-navigation-item{justify-content:center}.wpml-language-switcher-block ul.right-justify{justify-content:right}.wpml-language-switcher-block ul.right-justify .wp-block-navigation-item{justify-content:right}.wpml-language-switcher-block ul.space_between-justify{justify-content:space-between}.wpml-language-switcher-block ul.space_between-justify li>div{white-space:nowrap}.wpml-language-switcher-block .hasHoverColor:hover{color:var(--hover-color) !important}.wpml-language-switcher-block .hasHoverBackgroundColor:hover{background-color:var(--hover-background-color) !important}.wpml-language-switcher-block ul.isHorizontal{padding-left:0;list-style:none}.wpml-language-switcher-block ul.isHorizontal li{display:inline;margin-left:0}.wpml-language-switcher-block ul.isHorizontal li div{display:inline-block}.wpml-language-switcher-block ul.hasSpacing.isHorizontal li:not(:last-child){margin-right:var(--language-spacing) !important}.wpml-language-switcher-block ul.hasSpacing.isVertical li:not(:last-child){margin-bottom:var(--language-spacing) !important}.wpml-language-switcher-block ul.hasSpacing.isVertical .wp-block-navigation-item>div,.wpml-language-switcher-block ul.hasSpacing.isVertical .wp-block-navigation-item>div>a{display:inline-flex;align-items:center}.wpml-language-switcher-block .hasHoverColor:hover{color:var(--hover-color) !important}.wpml-language-switcher-block .hasHoverBackgroundColor:hover{background-color:var(--hover-background-color) !important}.wpml-language-switcher-block .hasFontSize{font-size:var(--font-size) !important}.wpml-language-switcher-block .hasLetterSpacing{letter-spacing:var(--letter-spacing) !important}.wpml-language-switcher-block .hasTextTransform{text-transform:var(--text-transform) !important}.wpml-language-switcher-block .hasFontFamily{font-family:var(--font-family) !important}.wpml-ls-flag{display:inline-block}.wpml-ls-flag-style-btn{border:0px transparent;padding-top:3px !important}.wpml-ls-flag-style-btn.black-bg{background-color:black}.wpml-ls-flag-style-btn.transparent-bg{background-color:transparent}.wpml-ls-control-row{border:solid 1px #949494;border-radius:2px;margin-bottom:8px}.wpml-ls-control-row-with-padding{padding:1px}.wpml-ls-number-control{max-width:100%;width:100%}.wpml-ls-slider-control-alert{margin-top:5px !important}.wpml-ls-slider .ant-slider-track{background-color:#3858E9}.wpml-ls-slider .ant-slider-handle{border:solid 1px black}.wpml-ls-control-blue{color:#2F7D92}.wpml-ls-number-with-unit-select select{color:#2F7D92;font-weight:700}.wpml-ls-control-grey{color:#757575}.wpml-ls-control-bg-grey{background-color:#a6a6a6}.wpml-ls-control-font{font-family:\"SF Pro Text\", sans-serif;font-style:normal;font-weight:400 !important;font-size:13px !important;line-height:140% !important}.wpml-ls-option-btn-col{padding:0.5px}.wpml-ls-no-borders{border:none}.ant-col-8.wpml-ls-option-btn-col{display:inline-flex}.wpml-ls-three-btn-row .wpml-ls-option-btn-wrap{padding-top:8px;padding-bottom:8px;white-space:normal;word-break:break-word}.wpml-ls-three-btn-row .ant-btn-no-height-less-padding{height:unset;padding-right:10px;padding-left:10px}.wpml-ls-full-width{width:100%}.wpml-ls-toggle-control .components-form-toggle.is-checked>.components-form-toggle__track{background-color:#2F7D92;border-color:#2F7D92}.wpml-ls-toggle-control .components-form-toggle.is-checked>.components-form-toggle__thumb{background-color:white}.wpml-ls-toggle-control .components-form-toggle>.components-form-toggle__track{background-color:white;border-color:#373737}.wpml-ls-toggle-control .components-form-toggle>.components-form-toggle__thumb{background-color:#373737}.ant-select-dropdown{min-width:45px !important;max-width:45px !important;width:45px !important}.wpml-ls-color-control{border:1px solid #DDDDDD;border-bottom:0px;padding:10px;box-sizing:border-box}.wpml-ls-color-control.wpml-ls-with-bottom-border{border-bottom:1px solid #DDDDDD}.wpml-ls-color-control .wpml-ls-icon-no-color:hover{cursor:pointer}.wpml-ls-color-control .component-color-indicator{width:25px;height:25px;box-shadow:0px 0px 2px 1px lightgrey}.wpml-ls-color-control .component-color-indicator:hover{cursor:pointer}.wpml-ls-color-control .wpml-ls-color-title{top:3px}.wpml-ls-dimension-control{border-top:solid 1px #e0e0e0}.wpml-ls-dimension-control .components-panel__arrow{visibility:hidden}.wpml-ls-panel-settings-dropdown-container{position:absolute;right:0px}.wpml-ls-icon-link{width:24px;height:24px;top:3px;border-radius:2px}.ant-input-number-handler-wrap{display:none !important}.ant-input-number-input{padding-right:0px !important;padding-left:3px !important}.block-editor-contrast-checker+.block-editor-contrast-checker{display:none}.current-language-item{display:flex;align-items:center;min-height:30px}.current-language-item .wp-block-navigation-item__content>div{display:flex;align-items:center}.wpml-ls-fontLetterCase-control button.components-button.has-icon{margin-right:0 !important;min-width:30px !important;height:30px !important}.wpml-ls-fontLetterSpacing-control div.components-input-control__container{top:4px}[data-wpml='language-item']:first-of-type{margin-top:5px !important}.wpml-ls-dimension-panel .components-panel__arrow{display:none}.wpml-ls-typography-panel .components-panel__arrow{display:none}.wpml-ls-panel-settings-dropdown-container>div>button>span.anticon-more{font-size:large;margin-right:10px}.wpml-ls-panel-settings-dropdown-container>div>button>span.anticon-plus{font-size:medium;margin-right:10px}.wpml-ls-color-panel .wpml-ls-color-panel-wrap button.components-button:focus{outline:2px solid #2F7D92;color:#2F7D92}.wpml-ls-color-panel .wpml-ls-color-panel-wrap button.components-button:hover{color:#2F7D92 !important}.wpml-ls-option-btn-wrap:focus{outline:4px solid #2F7D92}.wpml-ls-option-btn-wrap:hover:not(.wpml-ls-option-btn-wrap[data-selected=\"true\"]){outline:2px solid #2F7D92;color:#2F7D92 !important}.wpml-ls-toggle-control .components-toggle-control__label:hover{color:#2F7D92}.components-input-control__container:hover .components-input-control__backdrop{border-color:#2F7D92 !important}input.components-input-control__input:focus ~ .components-input-control__backdrop{outline:2px solid #2F7D92 !important}.components-toggle-group-control[role=\"radiogroup\"]:hover{border-color:#2F7D92}.components-toggle-group-control[role=\"radiogroup\"] .components-toggle-group-control-option-base[role=\"radio\"]:hover{color:#2F7D92}.components-toggle-group-control[role=\"radiogroup\"] .components-toggle-group-control-option-base[role=\"radio\"]:focus{color:#2F7D92;outline:2px solid #2F7D92}.ant-slider .ant-slider-handle:not(.ant-tooltip-open){background-color:#2F7D92 !important;border-color:#373737}.ant-slider:hover .ant-slider-handle:not(.ant-tooltip-open),.ant-slider .ant-slider-handle:focus{background-color:#373737 !important;border-color:#2F7D92}.wpml-ls-typography-panel .components-panel__body .ant-col{margin-bottom:12px}.wpml-ls-fontSize-control div[aria-label=\"Font size\"]{margin-bottom:12px}.wpml-ls-fontSize-control .wpml-ls-fontLetterSpacing-control{display:grid;place-items:center;align-self:center}\n\n<\/style><div id=\"\" class=\"wpml-language-switcher-block is-layout-flex is-responsive has-child-selected wp-block-navigation\"><div class=\"block-editor-block-list__block wp-block wp-block-navigation-item has-link has-child wp-block-navigation-submenu\"><div class=\"wpml-ls-dropdown open-on-hover-click \"><ul class=\"wp-block-navigation__container\"><li class=\"wp-block-navigation-item has-child wp-block-navigation-submenu open-on-hover-click\"><div class=\"wp-block-navigation-item__content wp-block-navigation-submenu__toggle\" aria-expanded=\"false\"><span class=\"current-language-item\" style=\"display:flex;cursor:pointer\" data-wpml=\"current-language-item\"><div style=\"display:inline-block\" class=\"wp-block-navigation-item__content\"><div><img decoding=\"async\" alt=\"WPML-LS-FLAG\" class=\"wpml-ls-flag\" src=\"https:\/\/www.outdoorpromise.org\/wp-content\/plugins\/sitepress-multilingual-cms\/res\/flags\/es.svg\" style=\"margin-right:4px;width:18px;height:12px;border-radius:0%;object-fit:unset\" size=\"24\" data-wpml=\"flag-url\"><span data-wpml=\"label\" data-wpml-label-type=\"native\" class=\"wp-block-navigation-item__label \">Espa&ntilde;ol<\/span><\/div><\/div><span class=\"wp-block-navigation__submenu-icon\"><svg xmlns=\"http:\/\/www.w3.org\/2000\/svg\" width=\"12\" height=\"12\" viewbox=\"0 0 12 12\" fill=\"none\" aria-hidden=\"true\" focusable=\"false\"><path d=\"M1.50002 4L6.00002 8L10.5 4\" stroke-width=\"1.5\"><\/path><\/svg><\/span><\/span><\/div><ul class=\"wp-block-navigation__submenu-container isHorizontal\" style=\"flex-wrap:nowrap\" data-is-drop-zone=\"true\"><li class=\"wp-block-navigation-item \" data-wpml=\"language-item\"><div><a class=\"wp-block-navigation-item__content\" data-wpml=\"link\" href=\"https:\/\/www.outdoorpromise.org\/\" aria-label=\"Cambiar a English\"><img decoding=\"async\" alt=\"WPML-LS-FLAG\" class=\"wpml-ls-flag\" src=\"https:\/\/www.outdoorpromise.org\/wp-content\/plugins\/sitepress-multilingual-cms\/res\/flags\/en.svg\" style=\"margin-right:4px;width:18px;height:12px;border-radius:0%;object-fit:unset\" size=\"24\" data-wpml=\"flag-url\"><span data-wpml=\"label\" data-wpml-label-type=\"native\" class=\"wp-block-navigation-item__label \">English<\/span><\/a><\/div><\/li><\/ul><\/li><\/ul><\/div><\/div><\/div>\n\n<p>\u00bfAnhelas un escape de la rutina diaria? \u00bfTienes curiosidad por los espacios verdes m\u00e1s all\u00e1 del borde de la ciudad? \u00a1Tenemos algo especial en proceso para ti!<\/p>\n\n<p>Mientras finalizamos los detalles de nuestras pr\u00f3ximas aventuras, puedes asegurarte de no perder el ritmo.<\/p>\n\n<p>? <strong>\u00a1Mant\u00e9ngase conectado!<\/strong> ? Sea parte de nuestra comunidad y obtenga acceso exclusivo a las fechas y detalles de nuestros eventos. Reg\u00edstrese ahora para mantenerse informado.<\/p>\n\n<h3 class=\"wp-block-heading has-text-align-center\">Mant\u00e9ngase informado  <\/h3>\n<div class=\"convertkit-form wp-block-convertkit-form\" style=\"\"><script async data-uid=\"aab936ec83\" src=\"https:\/\/outdoorpromise.kit.com\/aab936ec83\/index.js\" data-jetpack-boost=\"ignore\" data-no-defer=\"1\" nowprocket><\/script><\/div>\n<div style=\"height:36px\" aria-hidden=\"true\" class=\"wp-block-spacer\"><\/div>\n\n<hr class=\"wp-block-separator has-alpha-channel-opacity\"\/>\n\n<div class=\"wp-block-query is-layout-flow wp-block-query-is-layout-flow\"><ul class=\"wp-block-post-template is-layout-flow wp-block-post-template-is-layout-flow\"><li class=\"wp-block-post post-7699 post type-post status-publish format-standard has-post-thumbnail hentry category-aire community-newburgh\">\n<h2 class=\"wp-block-post-title\"><a href=\"https:\/\/www.outdoorpromise.org\/es\/el-aire-limpio-es-un-derecho-justair-newburgh-se-lanza-para-capacitar-a-nuestra-comunidad\/\" target=\"_self\">El aire limpio es un derecho: JustAir Newburgh se lanza para capacitar a nuestra comunidad<\/a><\/h2>\n\n<figure class=\"alignwide wp-block-post-featured-image\"><a href=\"https:\/\/www.outdoorpromise.org\/es\/el-aire-limpio-es-un-derecho-justair-newburgh-se-lanza-para-capacitar-a-nuestra-comunidad\/\" target=\"_self\"><img loading=\"lazy\" decoding=\"async\" width=\"1024\" height=\"683\" src=\"https:\/\/www.outdoorpromise.org\/wp-content\/uploads\/2025\/06\/Air-Quality-Monitor.jpg\" class=\"attachment-post-thumbnail size-post-thumbnail wp-post-image\" alt=\"El aire limpio es un derecho: JustAir Newburgh se lanza para capacitar a nuestra comunidad\" style=\"object-fit:cover;\" srcset=\"https:\/\/www.outdoorpromise.org\/wp-content\/uploads\/2025\/06\/Air-Quality-Monitor.jpg 1024w, https:\/\/www.outdoorpromise.org\/wp-content\/uploads\/2025\/06\/Air-Quality-Monitor-300x200.jpg 300w, https:\/\/www.outdoorpromise.org\/wp-content\/uploads\/2025\/06\/Air-Quality-Monitor-768x512.jpg 768w, https:\/\/www.outdoorpromise.org\/wp-content\/uploads\/2025\/06\/Air-Quality-Monitor-600x400.jpg 600w, https:\/\/www.outdoorpromise.org\/wp-content\/uploads\/2025\/06\/Air-Quality-Monitor-660x440.jpg 660w\" sizes=\"auto, (max-width: 1024px) 100vw, 1024px\" \/><\/a><\/figure>\n\n<div class=\"wp-block-post-excerpt\"><p class=\"wp-block-post-excerpt__excerpt\">En Newburgh, respiramos a trav\u00e9s de la contaminaci\u00f3n, la historia y la injusticia. Las familias de esta zona llevan demasiado tiempo enfrent\u00e1ndose a graves problemas medioambientales sin tener acceso a la informaci\u00f3n necesaria para proteger su salud. La iniciativa JustAir Newburgh sobre la calidad del aire pretende cambiar eso. Eso cambia ahora. Con la llegada&hellip; <\/p><\/div>\n\n\n<hr class=\"wp-block-separator has-css-opacity\"\/>\n\n\n<div class=\"wp-block-post-date\"><time datetime=\"2025-06-16T11:56:17-04:00 \/ 3 min read\"><\/time><\/div>\n<\/li><li class=\"wp-block-post post-7272 post type-post status-publish format-standard has-post-thumbnail hentry category-land-conservation category-policy-power community-new-york\">\n<h2 class=\"wp-block-post-title\"><a href=\"https:\/\/www.outdoorpromise.org\/es\/new-york-approves-record-funding-to-protect-our-water-parks-and-communities\/\" target=\"_self\">New York Approves Record Funding to Protect Our Water, Parks, and Communities<\/a><\/h2>\n\n<figure class=\"alignwide wp-block-post-featured-image\"><a href=\"https:\/\/www.outdoorpromise.org\/es\/new-york-approves-record-funding-to-protect-our-water-parks-and-communities\/\" target=\"_self\"><img loading=\"lazy\" decoding=\"async\" width=\"1807\" height=\"1200\" src=\"https:\/\/www.outdoorpromise.org\/wp-content\/uploads\/2025\/05\/taichi-nakamura-_QzQ-C6PkXw-unsplash-min.jpg\" class=\"attachment-post-thumbnail size-post-thumbnail wp-post-image\" alt=\"New York Approves Record Funding to Protect Our Water, Parks, and Communities\" style=\"object-fit:cover;\" srcset=\"https:\/\/www.outdoorpromise.org\/wp-content\/uploads\/2025\/05\/taichi-nakamura-_QzQ-C6PkXw-unsplash-min.jpg 1807w, https:\/\/www.outdoorpromise.org\/wp-content\/uploads\/2025\/05\/taichi-nakamura-_QzQ-C6PkXw-unsplash-min-300x199.jpg 300w, https:\/\/www.outdoorpromise.org\/wp-content\/uploads\/2025\/05\/taichi-nakamura-_QzQ-C6PkXw-unsplash-min-1024x680.jpg 1024w, https:\/\/www.outdoorpromise.org\/wp-content\/uploads\/2025\/05\/taichi-nakamura-_QzQ-C6PkXw-unsplash-min-768x510.jpg 768w, https:\/\/www.outdoorpromise.org\/wp-content\/uploads\/2025\/05\/taichi-nakamura-_QzQ-C6PkXw-unsplash-min-1536x1020.jpg 1536w, https:\/\/www.outdoorpromise.org\/wp-content\/uploads\/2025\/05\/taichi-nakamura-_QzQ-C6PkXw-unsplash-min-660x438.jpg 660w\" sizes=\"auto, (max-width: 1807px) 100vw, 1807px\" \/><\/a><\/figure>\n\n<div class=\"wp-block-post-excerpt\"><p class=\"wp-block-post-excerpt__excerpt\">In 2025, New York State approved a record-breaking $1.2 billion environmental investment to protect clean water, parks, wildlife, and public health. This bold action follows statewide advocacy from the New Yorkers for Clean Water and Jobs coalition. What the $1.2 Billion Investment Includes Why This Matters for New Yorkers This is the largest funding ever&hellip; <\/p><\/div>\n\n\n<hr class=\"wp-block-separator has-css-opacity\"\/>\n\n\n<div class=\"wp-block-post-date\"><time datetime=\"2025-05-16T02:39:20-04:00 \/ 2 min read\"><\/time><\/div>\n<\/li><li class=\"wp-block-post post-7140 post type-post status-publish format-standard has-post-thumbnail hentry category-op-news community-newburgh\">\n<h2 class=\"wp-block-post-title\"><a href=\"https:\/\/www.outdoorpromise.org\/es\/op-news-may-2025\/\" target=\"_self\">OP News &#8211; May 2025<\/a><\/h2>\n\n<figure class=\"alignwide wp-block-post-featured-image\"><a href=\"https:\/\/www.outdoorpromise.org\/es\/op-news-may-2025\/\" target=\"_self\"><img loading=\"lazy\" decoding=\"async\" width=\"1600\" height=\"1200\" src=\"https:\/\/www.outdoorpromise.org\/wp-content\/uploads\/2025\/05\/IMG_6503.jpg\" class=\"attachment-post-thumbnail size-post-thumbnail wp-post-image\" alt=\"OP News &#8211; May 2025\" style=\"object-fit:cover;\" srcset=\"https:\/\/www.outdoorpromise.org\/wp-content\/uploads\/2025\/05\/IMG_6503.jpg 1600w, https:\/\/www.outdoorpromise.org\/wp-content\/uploads\/2025\/05\/IMG_6503-300x225.jpg 300w, https:\/\/www.outdoorpromise.org\/wp-content\/uploads\/2025\/05\/IMG_6503-1024x768.jpg 1024w, https:\/\/www.outdoorpromise.org\/wp-content\/uploads\/2025\/05\/IMG_6503-768x576.jpg 768w, https:\/\/www.outdoorpromise.org\/wp-content\/uploads\/2025\/05\/IMG_6503-1536x1152.jpg 1536w, https:\/\/www.outdoorpromise.org\/wp-content\/uploads\/2025\/05\/IMG_6503-660x495.jpg 660w\" sizes=\"auto, (max-width: 1600px) 100vw, 1600px\" \/><\/a><\/figure>\n\n<div class=\"wp-block-post-excerpt\"><p class=\"wp-block-post-excerpt__excerpt\">Thanks to four new grants and a growing team, Outdoor Promise is expanding access to nature through free hikes, youth leadership, and transportation programs in 2025 <\/p><\/div>\n\n\n<hr class=\"wp-block-separator has-css-opacity\"\/>\n\n\n<div class=\"wp-block-post-date\"><time datetime=\"2025-05-07T16:12:09-04:00 \/ 3 min read\"><\/time><\/div>\n<\/li><\/ul><\/div>\n","protected":false},"excerpt":{"rendered":"<p>\u00bfAnhelas un escape de la rutina diaria? \u00bfTienes curiosidad por los espacios verdes m\u00e1s all\u00e1 del borde de la ciudad? \u00a1Tenemos algo especial en proceso para ti! Mientras finalizamos los detalles de nuestras pr\u00f3ximas aventuras, puedes asegurarte de no perder el ritmo. ? \u00a1Mant\u00e9ngase conectado! ? Sea parte de nuestra comunidad y obtenga acceso exclusivo [&hellip;]<\/p>\n","protected":false},"author":1,"featured_media":0,"parent":0,"menu_order":0,"comment_status":"closed","ping_status":"closed","template":"","meta":{"_kad_blocks_custom_css":"","_kad_blocks_head_custom_js":"","_kad_blocks_body_custom_js":"","_kad_blocks_footer_custom_js":"","_wp_convertkit_post_meta":{"form":"-1","landing_page":"0","tag":"0","restrict_content":""},"footnotes":""},"class_list":["post-6351","page","type-page","status-publish","hentry"],"blocksy_meta":[],"taxonomy_info":[],"featured_image_src_large":false,"author_info":{"display_name":"Ronald Zorrilla","author_link":"https:\/\/www.outdoorpromise.org\/es\/author\/infooutdoorpromise-org\/"},"comment_info":0,"_links":{"self":[{"href":"https:\/\/www.outdoorpromise.org\/es\/wp-json\/wp\/v2\/pages\/6351","targetHints":{"allow":["GET"]}}],"collection":[{"href":"https:\/\/www.outdoorpromise.org\/es\/wp-json\/wp\/v2\/pages"}],"about":[{"href":"https:\/\/www.outdoorpromise.org\/es\/wp-json\/wp\/v2\/types\/page"}],"author":[{"embeddable":true,"href":"https:\/\/www.outdoorpromise.org\/es\/wp-json\/wp\/v2\/users\/1"}],"replies":[{"embeddable":true,"href":"https:\/\/www.outdoorpromise.org\/es\/wp-json\/wp\/v2\/comments?post=6351"}],"version-history":[{"count":10,"href":"https:\/\/www.outdoorpromise.org\/es\/wp-json\/wp\/v2\/pages\/6351\/revisions"}],"predecessor-version":[{"id":6384,"href":"https:\/\/www.outdoorpromise.org\/es\/wp-json\/wp\/v2\/pages\/6351\/revisions\/6384"}],"wp:attachment":[{"href":"https:\/\/www.outdoorpromise.org\/es\/wp-json\/wp\/v2\/media?parent=6351"}],"curies":[{"name":"wp","href":"https:\/\/api.w.org\/{rel}","templated":true}]}}