{"id":7688,"date":"2024-09-24T00:32:57","date_gmt":"2024-09-24T04:32:57","guid":{"rendered":"https:\/\/www.outdoorpromise.org\/aventuras-comunitarias-gratuitas\/"},"modified":"2025-10-27T21:31:26","modified_gmt":"2025-10-28T01:31:26","slug":"aventuras-comunitarias-gratuitas","status":"publish","type":"page","link":"https:\/\/www.outdoorpromise.org\/es\/aventuras-comunitarias-gratuitas\/","title":{"rendered":"Aventuras comunitarias gratuitas"},"content":{"rendered":"\n<hr class=\"wp-block-separator has-alpha-channel-opacity\"\/>\n\n<h4 class=\"wp-block-heading\"><strong>Sobre la Iniciativa:<\/strong><\/h4>\n\n<p><strong>La Iniciativa de Caminatas Comunitarias Gratuitas<\/strong> es un esfuerzo de colaboraci\u00f3n para ofrecer mensualmente caminatas guiadas a los residentes de la ciudad de Newburgh. Este programa, desarrollado en colaboraci\u00f3n con el <strong>Centro Desmond para el Compromiso Comunitario y el Bienestar de Mount Saint Mary<\/strong>, pretende proporcionar un acceso equitativo a los espacios al aire libre, garantizando que todo el mundo -independientemente de las barreras econ\u00f3micas o log\u00edsticas- pueda experimentar los beneficios de la naturaleza para la salud y el bienestar.<\/p>\n\n<h4 class=\"wp-block-heading\"><strong>Acceso Equitativo a la Naturaleza:<\/strong><\/h4>\n\n<p>Los residentes urbanos, especialmente los de comunidades marginadas, suelen enfrentarse a obst\u00e1culos importantes para acceder a experiencias al aire libre. Esta iniciativa aborda directamente estos obst\u00e1culos mediante:<\/p>\n\n<ul class=\"wp-block-list\">\n<li><strong>Transporte gratuito:<\/strong> Eliminando la necesidad de veh\u00edculos personales o complicados preparativos de viaje.<\/li>\n\n\n\n<li><strong>Excursiones guiadas para todas las edades y capacidades:<\/strong> Cada excursi\u00f3n est\u00e1 dise\u00f1ada para acomodar a participantes de distintos niveles de forma f\u00edsica, garantizando la inclusividad.<\/li>\n\n\n\n<li><strong>Mayor acceso al bienestar al aire libre:<\/strong> La colaboraci\u00f3n con el Centro Desmond garantiza que quienes no suelen tener acceso a la naturaleza puedan participar en una experiencia significativa y estructurada al aire libre.<\/li>\n<\/ul>\n\n<p>Al reducir estas barreras, nos comprometemos a fomentar una conexi\u00f3n m\u00e1s profunda con la naturaleza, promover la salud de la comunidad e inspirar el cuidado del medio ambiente entre los residentes urbanos.<\/p>\n\n<h4 class=\"wp-block-heading\"><strong>Asociaciones que apoyan las excursiones comunitarias en Newburgh<\/strong><\/h4>\n\n<p>Esta iniciativa es posible gracias a los esfuerzos combinados de los socios locales y regionales. Un agradecimiento especial a:<\/p>\n\n<ul class=\"wp-block-list\">\n<li><strong><a href=\"https:\/\/www.msmc.edu\/about\/centers-institutes\/desmond-center-for-community-engagement-and-wellness\/\" target=\"_blank\" rel=\"noreferrer noopener nofollow\">Centro Desmond para el Compromiso Comunitario y el Bienestar de Mount Saint Mary<\/a><\/strong> &#8211; por su papel clave en la captaci\u00f3n de participantes, la gesti\u00f3n de las inscripciones y el apoyo a los esfuerzos de divulgaci\u00f3n para garantizar que todos los miembros de la comunidad conozcan este programa y puedan acceder a \u00e9l.<\/li>\n\n\n\n<li><strong><a href=\"https:\/\/www.scenichudson.org\" target=\"_blank\" rel=\"noreferrer noopener nofollow\">Hudson Esc\u00e9nico<\/a><\/strong> &#8211; por ofrecer acceso a sus parques y reservas, creando experiencias memorables al aire libre.<\/li>\n\n\n\n<li class=\"has-theme-primary-color has-text-color has-link-color wp-elements-5e90f82bd9447682160389bd5c4efdc3\"><strong><a href=\"https:\/\/landtrustalliance.org\/resources\/connect\/field-services\/new-york\/new-york-state-conservation-partnership-program\" target=\"_blank\" rel=\"noreferrer noopener nofollow\">Programa de Asociaci\u00f3n para la Conservaci\u00f3n del Estado de Nueva York (NYSCPP) y Land Trust Alliance<\/a><\/strong> &#8211; por su apoyo al desarrollo de capacidades, que nos ha permitido ofrecer este programa a comunidades desatendidas.<\/li>\n\n\n\n<li><strong><a href=\"https:\/\/www.openspaceinstitute.org\/funds\/malcolm-gordon-charitable-fund\" target=\"_blank\" rel=\"noreferrer noopener nofollow\">Fondo del Instituto del Espacio Abierto Malcolm Gordon Charitable Trust<\/a><\/strong> &#8211; por su apoyo financiero, que nos ayuda a derribar las barreras a la exploraci\u00f3n al aire libre.<\/li>\n<\/ul>\n\n<p>Juntos, nos proponemos garantizar que el aire libre est\u00e9 al alcance de todos, centr\u00e1ndonos en los residentes urbanos desatendidos de Newburgh y el Valle del Medio Hudson.<\/p>\n\n<hr class=\"wp-block-separator has-alpha-channel-opacity\"\/>\n\n<h4 class=\"wp-block-heading\"><strong>Por qu\u00e9 es importante:<\/strong><\/h4>\n\n<p>El acceso equitativo a la naturaleza ofrece beneficios cr\u00edticos a las comunidades urbanas, entre ellos<\/p>\n\n<ul class=\"wp-block-list\">\n<li><strong>Mejora de la salud f\u00edsica y mental:<\/strong> Se ha demostrado que pasar tiempo en la naturaleza reduce el estr\u00e9s, mejora el estado de \u00e1nimo y fomenta la actividad f\u00edsica.<\/li>\n\n\n\n<li><strong>Fomentar la gesti\u00f3n medioambiental:<\/strong> Animar a los participantes a comprometerse con el mundo natural fomenta el sentido de la responsabilidad y el cuidado de nuestro entorno.<\/li>\n\n\n\n<li><strong>Fortalecer los lazos comunitarios:<\/strong> Nuestras excursiones re\u00fanen a los vecinos, creando experiencias compartidas que profundizan los lazos comunitarios y fomentan la colaboraci\u00f3n.<\/li>\n\n\n\n<li><strong>Capacitar a los l\u00edderes juveniles locales:<\/strong> La iniciativa tambi\u00e9n incluye el desarrollo del liderazgo de los j\u00f3venes, ayud\u00e1ndoles a adquirir destrezas en liderazgo al aire libre y conservaci\u00f3n del medio ambiente.<\/li>\n<\/ul>\n\n<p>Al proporcionar acceso gratuito a la naturaleza, transporte y orientaci\u00f3n, tendemos un puente entre la vida urbana y el mundo natural, creando oportunidades de conexi\u00f3n y bienestar.<\/p>\n\n<p>Todas las excursiones las dirigen gu\u00edas experimentados y est\u00e1n dise\u00f1adas para que sean f\u00e1ciles de realizar por principiantes, permitiendo a los participantes explorar la belleza del Valle del Hudson al tiempo que aprenden sobre conservaci\u00f3n y administraci\u00f3n de la tierra.<\/p>\n","protected":false},"excerpt":{"rendered":"<p>Sobre la Iniciativa: La Iniciativa de Caminatas Comunitarias Gratuitas es un esfuerzo de colaboraci\u00f3n para ofrecer mensualmente caminatas guiadas a los residentes de la ciudad de Newburgh. Este programa, desarrollado en colaboraci\u00f3n con el Centro Desmond para el Compromiso Comunitario y el Bienestar de Mount Saint Mary, pretende proporcionar un acceso equitativo a los espacios [&hellip;]<\/p>\n","protected":false},"author":1,"featured_media":0,"parent":0,"menu_order":0,"comment_status":"closed","ping_status":"closed","template":"","meta":{"_kad_blocks_custom_css":"","_kad_blocks_head_custom_js":"","_kad_blocks_body_custom_js":"","_kad_blocks_footer_custom_js":"","_wp_convertkit_post_meta":{"form":"-1","landing_page":"0","tag":"0","restrict_content":"0"},"footnotes":""},"class_list":["post-7688","page","type-page","status-publish","hentry"],"blocksy_meta":[],"taxonomy_info":[],"featured_image_src_large":false,"author_info":{"display_name":"Ronald Zorrilla","author_link":"https:\/\/www.outdoorpromise.org\/es\/author\/infooutdoorpromise-org\/"},"comment_info":0,"_links":{"self":[{"href":"https:\/\/www.outdoorpromise.org\/es\/wp-json\/wp\/v2\/pages\/7688","targetHints":{"allow":["GET"]}}],"collection":[{"href":"https:\/\/www.outdoorpromise.org\/es\/wp-json\/wp\/v2\/pages"}],"about":[{"href":"https:\/\/www.outdoorpromise.org\/es\/wp-json\/wp\/v2\/types\/page"}],"author":[{"embeddable":true,"href":"https:\/\/www.outdoorpromise.org\/es\/wp-json\/wp\/v2\/users\/1"}],"replies":[{"embeddable":true,"href":"https:\/\/www.outdoorpromise.org\/es\/wp-json\/wp\/v2\/comments?post=7688"}],"version-history":[{"count":1,"href":"https:\/\/www.outdoorpromise.org\/es\/wp-json\/wp\/v2\/pages\/7688\/revisions"}],"predecessor-version":[{"id":7689,"href":"https:\/\/www.outdoorpromise.org\/es\/wp-json\/wp\/v2\/pages\/7688\/revisions\/7689"}],"wp:attachment":[{"href":"https:\/\/www.outdoorpromise.org\/es\/wp-json\/wp\/v2\/media?parent=7688"}],"curies":[{"name":"wp","href":"https:\/\/api.w.org\/{rel}","templated":true}]}}