{"id":7690,"date":"2024-09-07T00:02:39","date_gmt":"2024-09-07T04:02:39","guid":{"rendered":"https:\/\/www.outdoorpromise.org\/campana-newburgh-quiere-un-parque\/"},"modified":"2025-10-27T21:31:31","modified_gmt":"2025-10-28T01:31:31","slug":"campana-newburgh-quiere-un-parque","status":"publish","type":"page","link":"https:\/\/www.outdoorpromise.org\/es\/campana-newburgh-quiere-un-parque\/","title":{"rendered":"Campa\u00f1a \u00abNewburgh quiere un parque"},"content":{"rendered":"\n<p>En <strong>Outdoor Promise<\/strong>, estamos orgullosos de apoyar la <strong>Campa\u00f1a Newburgh Quiere un Parque<\/strong>, un esfuerzo vital dirigido por la comunidad para transformar <strong>109 acres<\/strong> en <strong>Crystal Lake<\/strong> y el <strong>corredor de Snake<\/strong> Hill en el mayor parque p\u00fablico y reserva natural de Newburgh. Esta iniciativa proteger\u00e1 los espacios verdes, proporcionar\u00e1 oportunidades recreativas y crear\u00e1 un legado duradero de administraci\u00f3n medioambiental. <\/p>\n\n<h3 class=\"wp-block-heading\"><strong>Por qu\u00e9 es importante<\/strong><\/h3>\n\n<ul class=\"wp-block-list\">\n<li><strong>Protecci\u00f3n medioambiental<\/strong>: Estos 109 acres albergan ecosistemas \u00fanicos, h\u00e1bitats cr\u00edticos para la vida salvaje y recursos naturales que hay que preservar. Proteger estas tierras ayuda a combatir la contaminaci\u00f3n y aborda la resistencia clim\u00e1tica en Newburgh. <\/li>\n\n\n\n<li><strong>Bienestar de la comunidad<\/strong>: Newburgh carece actualmente de suficientes espacios verdes, sobre todo en zonas hist\u00f3ricamente desatendidas. Este parque proporcionar\u00eda espacio para el ocio al aire libre, el ejercicio y las reuniones comunitarias, ayudando a mejorar la salud f\u00edsica y mental. <\/li>\n\n\n\n<li><strong>Acceso equitativo a la naturaleza<\/strong>: Muchos barrios de Newburgh no tienen acceso a parques ni a la naturaleza. Creando este parque, podemos garantizar que todos los residentes, especialmente los de comunidades marginadas, tengan la oportunidad de conectar con la naturaleza. <\/li>\n<\/ul>\n\n<h3 class=\"wp-block-heading\"><strong>La visi\u00f3n<\/strong><\/h3>\n\n<p>La <strong>Campa\u00f1a Newburgh Quiere un Parque<\/strong> pretende convertir este terreno en un espacio para practicar senderismo, educaci\u00f3n al aire libre y actividades de conservaci\u00f3n. El parque tambi\u00e9n servir\u00e1 de refugio para familias, estudiantes y entusiastas de las actividades al aire libre, haciendo que la naturaleza sea m\u00e1s accesible a todos los habitantes de Newburgh. <\/p>\n\n<h3 class=\"wp-block-heading\"><strong>C\u00f3mo puedes ayudar<\/strong><\/h3>\n\n<p>\u00a1Puedes ayudar a hacer realidad esta visi\u00f3n! Apoyando la <g id=\"gid_0\">Campa\u00f1a Newburgh Quiere un Parque<\/g>, contribuyes a la protecci\u00f3n de este terreno para las generaciones futuras. Para saber m\u00e1s sobre la campa\u00f1a, participar y leer el informe completo de la comunidad, visita el sitio oficial.  <\/p>\n\n<p><a href=\"https:\/\/www.newburghwantsapark.org\" target=\"_blank\" rel=\"noreferrer noopener\"><strong>Visita Newburgh quiere un parque<\/strong><\/a><\/p>\n\n<hr class=\"wp-block-separator has-alpha-channel-opacity\"\/>\n","protected":false},"excerpt":{"rendered":"<p>En Outdoor Promise, estamos orgullosos de apoyar la Campa\u00f1a Newburgh Quiere un Parque, un esfuerzo vital dirigido por la comunidad para transformar 109 acres en Crystal Lake y el corredor de Snake Hill en el mayor parque p\u00fablico y reserva natural de Newburgh. Esta iniciativa proteger\u00e1 los espacios verdes, proporcionar\u00e1 oportunidades recreativas y crear\u00e1 un [&hellip;]<\/p>\n","protected":false},"author":1,"featured_media":0,"parent":0,"menu_order":0,"comment_status":"closed","ping_status":"closed","template":"","meta":{"_kad_blocks_custom_css":"","_kad_blocks_head_custom_js":"","_kad_blocks_body_custom_js":"","_kad_blocks_footer_custom_js":"","_wp_convertkit_post_meta":{"form":"-1","landing_page":"0","tag":"0","restrict_content":"0"},"footnotes":""},"class_list":["post-7690","page","type-page","status-publish","hentry"],"blocksy_meta":[],"taxonomy_info":[],"featured_image_src_large":false,"author_info":{"display_name":"Ronald Zorrilla","author_link":"https:\/\/www.outdoorpromise.org\/es\/author\/infooutdoorpromise-org\/"},"comment_info":0,"_links":{"self":[{"href":"https:\/\/www.outdoorpromise.org\/es\/wp-json\/wp\/v2\/pages\/7690","targetHints":{"allow":["GET"]}}],"collection":[{"href":"https:\/\/www.outdoorpromise.org\/es\/wp-json\/wp\/v2\/pages"}],"about":[{"href":"https:\/\/www.outdoorpromise.org\/es\/wp-json\/wp\/v2\/types\/page"}],"author":[{"embeddable":true,"href":"https:\/\/www.outdoorpromise.org\/es\/wp-json\/wp\/v2\/users\/1"}],"replies":[{"embeddable":true,"href":"https:\/\/www.outdoorpromise.org\/es\/wp-json\/wp\/v2\/comments?post=7690"}],"version-history":[{"count":1,"href":"https:\/\/www.outdoorpromise.org\/es\/wp-json\/wp\/v2\/pages\/7690\/revisions"}],"predecessor-version":[{"id":7692,"href":"https:\/\/www.outdoorpromise.org\/es\/wp-json\/wp\/v2\/pages\/7690\/revisions\/7692"}],"wp:attachment":[{"href":"https:\/\/www.outdoorpromise.org\/es\/wp-json\/wp\/v2\/media?parent=7690"}],"curies":[{"name":"wp","href":"https:\/\/api.w.org\/{rel}","templated":true}]}}