{"id":7693,"date":"2024-09-06T23:52:45","date_gmt":"2024-09-07T03:52:45","guid":{"rendered":"https:\/\/www.outdoorpromise.org\/las-aguas-de-newburgh-fluyen-a-traves-del-tiempo\/"},"modified":"2025-10-27T21:31:35","modified_gmt":"2025-10-28T01:31:35","slug":"las-aguas-de-newburgh-fluyen-a-traves-del-tiempo","status":"publish","type":"page","link":"https:\/\/www.outdoorpromise.org\/es\/las-aguas-de-newburgh-fluyen-a-traves-del-tiempo\/","title":{"rendered":"Las aguas de Newburgh fluyen a trav\u00e9s del tiempo"},"content":{"rendered":"\n<hr class=\"wp-block-separator has-alpha-channel-opacity\"\/>\n\n<p>En <strong>Outdoor Promise<\/strong> creemos que el agua limpia es un derecho de todos. Por eso lanzamos la iniciativa <g id=\"gid_1\">Agua de Newburgh:<\/g> Una iniciativa <g id=\"gid_1\">que fluye a trav\u00e9s del tiempo<\/g>, un proyecto financiado por el <g id=\"gid_2\">Departamento de Conservaci\u00f3n Medioambiental &#8211; Programa de Subvenciones para el Impacto Comunitario de la Justicia Medioambiental<\/g>. Esta iniciativa est\u00e1 dise\u00f1ada para ayudar a los habitantes de Newburgh a comprender y actuar ante los retos del agua a los que nos enfrentamos, especialmente en las comunidades expuestas a m\u00faltiples da\u00f1os medioambientales.  <\/p>\n\n<h4 class=\"wp-block-heading\">Por qu\u00e9 es importante<\/h4>\n\n<p>Las v\u00edas fluviales de Newburgh, como <strong>el arroyo Quassaick<\/strong>, son vitales para la salud de nuestra comunidad. Pero a lo largo de los a\u00f1os, la contaminaci\u00f3n y la negligencia han puesto en peligro estas fuentes de agua y a las personas que dependen de ellas. Este proyecto pretende cambiar esta situaci\u00f3n reuniendo a la comunidad para que aprenda, se comprometa y act\u00fae para mejorar la calidad del agua.  <\/p>\n\n<p>Muchos de los habitantes de Newburgh, sobre todo en las zonas desatendidas, est\u00e1n expuestos a m\u00faltiples riesgos medioambientales. A trav\u00e9s de <strong>Agua de Newburgh: Fluyendo en el Tiempo<\/strong>, pretendemos arrojar luz sobre estos riesgos, aportar soluciones y crear un futuro m\u00e1s seguro y saludable para todos. <\/p>\n\n<h4 class=\"wp-block-heading\">Qu\u00e9 hacemos<\/h4>\n\n<p>No nos limitamos a hablar de los problemas del agua: estamos capacitando a la comunidad para que act\u00fae de verdad. Nuestra iniciativa se centra en: <\/p>\n\n<ol class=\"wp-block-list\">\n<li><strong>Talleres educativos<\/strong><br\/>Organizamos <strong>talleres interactivos<\/strong> que ayudan a los miembros de la comunidad a comprender c\u00f3mo afecta la contaminaci\u00f3n del agua a nuestra salud y al medio ambiente. Desde la historia de las v\u00edas fluviales de Newburgh hasta soluciones pr\u00e1cticas para su conservaci\u00f3n, nuestros talleres te proporcionan los conocimientos y herramientas necesarios para marcar la diferencia. <\/li>\n\n\n\n<li><strong>Actos comunitarios de limpieza<\/strong><br\/>\u00a1Nos ensuciamos las manos por un futuro m\u00e1s limpio! Organizamos <strong>actos comunitarios de limpieza<\/strong> en torno a cursos de agua locales como el arroyo Quassaick. Estos actos re\u00fanen a los residentes para reducir activamente la contaminaci\u00f3n y mejorar la calidad del agua que corre por nuestra ciudad.  <\/li>\n\n\n\n<li><strong>Pruebas<\/strong> <strong>de<\/strong><strong>calidad del agua<\/strong><br\/>Te damos la oportunidad de formar parte de la soluci\u00f3n participando en <strong>pruebas pr\u00e1cticas de calidad del agua<\/strong>. Trabajando juntos, podemos hacer un seguimiento de la salud de nuestras v\u00edas fluviales e identificar los focos de contaminaci\u00f3n. Con estos datos, estaremos mejor equipados para impulsar los cambios necesarios para proteger nuestra agua.  <\/li>\n\n\n\n<li><strong>Concienciaci\u00f3n sobre la reducci\u00f3n de pl\u00e1sticos<\/strong><br\/>Como parte de nuestro esfuerzo por salvaguardar el agua de Newburgh, abogamos por una reducci\u00f3n significativa del <strong>uso de agua embotellada<\/strong>. Promoviendo el agua del grifo y pr\u00e1cticas m\u00e1s sostenibles, podemos disminuir la carga medioambiental causada por los pl\u00e1sticos de un solo uso, uno de los mayores contaminantes de nuestras v\u00edas fluviales. <\/li>\n<\/ol>\n\n<h4 class=\"wp-block-heading\">C\u00f3mo puedes participar<\/h4>\n\n<p>Esta iniciativa trata de <strong>ti, de nuestra<\/strong>comunidad. Necesitamos tu ayuda para que tenga \u00e9xito. He aqu\u00ed c\u00f3mo puedes formar parte de la soluci\u00f3n:  <\/p>\n\n<ul class=\"wp-block-list\">\n<li><strong>Asiste a un Taller<\/strong>: Aprende c\u00f3mo te afecta a ti y a tu familia la contaminaci\u00f3n del agua, y descubre medidas pr\u00e1cticas para mejorar la calidad del agua local.<\/li>\n\n\n\n<li><strong>\u00danete a un acto de limpieza<\/strong>: Participa en la limpieza de los r\u00edos y arroyos de Newburgh. Es una forma divertida y significativa de devolver algo a tu comunidad. <\/li>\n\n\n\n<li><strong>Prueba la calidad del agua<\/strong>: Participa en nuestras actividades de an\u00e1lisis del agua y contribuye a la investigaci\u00f3n en curso sobre la salud de nuestras v\u00edas fluviales locales.<\/li>\n<\/ul>\n\n<h4 class=\"wp-block-heading\">\u00bfPor qu\u00e9 Quassaick Creek?<\/h4>\n\n<p><strong>El arroyo Quassaick<\/strong> es una v\u00eda fluvial fundamental de Newburgh, que ofrece una instant\u00e1nea de los retos medioambientales m\u00e1s amplios a los que nos enfrentamos. Ha sido una fuente de vida para la comunidad durante generaciones, pero hoy es tambi\u00e9n un recordatorio de los peligros medioambientales con los que conviven a diario demasiados residentes. Al centrarnos en el arroyo Quassaick, abordamos la contaminaci\u00f3n en su origen y avanzamos hacia un futuro m\u00e1s limpio y seguro para todo Newburgh.  <\/p>\n\n<hr class=\"wp-block-separator has-alpha-channel-opacity\"\/>\n\n<h3 class=\"wp-block-heading\"><strong>\u00danete a nosotros<\/strong><\/h3>\n\n<p>El agua es vida, y cada esfuerzo cuenta. Tanto si te unes a nosotros en un taller, como si participas en una limpieza o simplemente corres la voz, tu implicaci\u00f3n ayuda a dar forma al futuro del agua de Newburgh. <\/p>\n\n<p><strong>Participa hoy: juntos<\/strong>podemos proteger nuestras v\u00edas fluviales y la salud de nuestra comunidad.<\/p>\n","protected":false},"excerpt":{"rendered":"<p>En Outdoor Promise creemos que el agua limpia es un derecho de todos. Por eso lanzamos la iniciativa Agua de Newburgh: Una iniciativa que fluye a trav\u00e9s del tiempo, un proyecto financiado por el Departamento de Conservaci\u00f3n Medioambiental &#8211; Programa de Subvenciones para el Impacto Comunitario de la Justicia Medioambiental. Esta iniciativa est\u00e1 dise\u00f1ada para [&hellip;]<\/p>\n","protected":false},"author":1,"featured_media":0,"parent":0,"menu_order":0,"comment_status":"closed","ping_status":"closed","template":"","meta":{"_kad_blocks_custom_css":"","_kad_blocks_head_custom_js":"","_kad_blocks_body_custom_js":"","_kad_blocks_footer_custom_js":"","_wp_convertkit_post_meta":{"form":"-1","landing_page":"0","tag":"0","restrict_content":"0"},"footnotes":""},"class_list":["post-7693","page","type-page","status-publish","hentry"],"blocksy_meta":[],"taxonomy_info":[],"featured_image_src_large":false,"author_info":{"display_name":"Ronald Zorrilla","author_link":"https:\/\/www.outdoorpromise.org\/es\/author\/infooutdoorpromise-org\/"},"comment_info":0,"_links":{"self":[{"href":"https:\/\/www.outdoorpromise.org\/es\/wp-json\/wp\/v2\/pages\/7693","targetHints":{"allow":["GET"]}}],"collection":[{"href":"https:\/\/www.outdoorpromise.org\/es\/wp-json\/wp\/v2\/pages"}],"about":[{"href":"https:\/\/www.outdoorpromise.org\/es\/wp-json\/wp\/v2\/types\/page"}],"author":[{"embeddable":true,"href":"https:\/\/www.outdoorpromise.org\/es\/wp-json\/wp\/v2\/users\/1"}],"replies":[{"embeddable":true,"href":"https:\/\/www.outdoorpromise.org\/es\/wp-json\/wp\/v2\/comments?post=7693"}],"version-history":[{"count":1,"href":"https:\/\/www.outdoorpromise.org\/es\/wp-json\/wp\/v2\/pages\/7693\/revisions"}],"predecessor-version":[{"id":7696,"href":"https:\/\/www.outdoorpromise.org\/es\/wp-json\/wp\/v2\/pages\/7693\/revisions\/7696"}],"wp:attachment":[{"href":"https:\/\/www.outdoorpromise.org\/es\/wp-json\/wp\/v2\/media?parent=7693"}],"curies":[{"name":"wp","href":"https:\/\/api.w.org\/{rel}","templated":true}]}}