{"id":7722,"date":"2025-03-22T20:22:57","date_gmt":"2025-03-23T00:22:57","guid":{"rendered":"https:\/\/www.outdoorpromise.org\/eventos\/"},"modified":"2026-03-30T02:28:03","modified_gmt":"2026-03-30T06:28:03","slug":"eventos","status":"publish","type":"page","link":"https:\/\/www.outdoorpromise.org\/es\/eventos\/","title":{"rendered":"Eventos"},"content":{"rendered":"\n<h2 class=\"wp-block-heading\">Pr\u00f3ximos eventos<\/h2>\n\n<p><strong>\u00a1\u00danete a nosotros en una aventura!<\/strong><\/p>\n\n<hr class=\"wp-block-separator has-alpha-channel-opacity\"\/>\n\n<div class=\"wp-block-media-text alignwide has-media-on-the-right is-stacked-on-mobile\" style=\"grid-template-columns:auto 44%\"><div class=\"wp-block-media-text__content\">\n<p><strong><strong>D\u00eda de la Defensa de los Parques y Terrenos P\u00fablicos<\/strong><\/strong><br\/><br\/>Fecha: 25 de febrero de 2026<br\/>Hora: 8AM &#8211; 4:30PM<br\/>Lugar: Albany, NY<br\/>Coste: Gratis<br\/><a href=\"https:\/\/www.ptny.org\/park-public-lands-advocacy-day\/\" target=\"_blank\" rel=\"noopener\">SABER M\u00c1S<\/a><\/p>\n<\/div><figure class=\"wp-block-media-text__media\"><img loading=\"lazy\" decoding=\"async\" width=\"1024\" height=\"768\" src=\"https:\/\/www.outdoorpromise.org\/wp-content\/uploads\/2026\/02\/Outdoor-Promise_PAD2024-1024x768.webp\" alt=\"grupo de personas delante del cartel I LOVE NY\" class=\"wp-image-7937 size-large\" srcset=\"https:\/\/www.outdoorpromise.org\/wp-content\/uploads\/2026\/02\/Outdoor-Promise_PAD2024-1024x768.webp 1024w, https:\/\/www.outdoorpromise.org\/wp-content\/uploads\/2026\/02\/Outdoor-Promise_PAD2024-300x225.webp 300w, https:\/\/www.outdoorpromise.org\/wp-content\/uploads\/2026\/02\/Outdoor-Promise_PAD2024-768x576.webp 768w, https:\/\/www.outdoorpromise.org\/wp-content\/uploads\/2026\/02\/Outdoor-Promise_PAD2024.webp 1440w\" sizes=\"auto, (max-width: 1024px) 100vw, 1024px\" \/><\/figure><\/div>\n\n<h2 class=\"wp-block-heading\">Eventos pasados<\/h2>\n\n<div style=\"height:30px\" aria-hidden=\"true\" class=\"wp-block-spacer\"><\/div>\n\n<div class=\"wp-block-media-text alignwide is-stacked-on-mobile\"><figure class=\"wp-block-media-text__media\"><img loading=\"lazy\" decoding=\"async\" width=\"1024\" height=\"576\" src=\"https:\/\/www.outdoorpromise.org\/wp-content\/uploads\/2026\/01\/WINTER_HIKE-1024x576.jpeg\" alt=\"\" class=\"wp-image-7915 size-full\" srcset=\"https:\/\/www.outdoorpromise.org\/wp-content\/uploads\/2026\/01\/WINTER_HIKE-1024x576.jpeg 1024w, https:\/\/www.outdoorpromise.org\/wp-content\/uploads\/2026\/01\/WINTER_HIKE-300x169.jpeg 300w, https:\/\/www.outdoorpromise.org\/wp-content\/uploads\/2026\/01\/WINTER_HIKE-768x432.jpeg 768w, https:\/\/www.outdoorpromise.org\/wp-content\/uploads\/2026\/01\/WINTER_HIKE-1536x864.jpeg 1536w, https:\/\/www.outdoorpromise.org\/wp-content\/uploads\/2026\/01\/WINTER_HIKE-2048x1152.jpeg 2048w\" sizes=\"auto, (max-width: 1024px) 100vw, 1024px\" \/><\/figure><div class=\"wp-block-media-text__content\">\n<p><strong><strong>Caminata del D\u00eda de los Presidentes a Snake Hill | Caminata a Snake Hill, Newburgh<\/strong><\/strong><br\/><br\/>Fecha: 16 de Febrero de 2026<br\/>Hora: 10AM &#8211; 12:30PM<br\/>Lugar: Crystal Lake<br\/>Transporte: Transporte gratuito<br\/>Coste: Gratis <br\/><br\/>\u00a1\u00danete a Outdoor Promise en nuestra pr\u00f3xima aventura!<\/p>\n<\/div><\/div>\n\n<div style=\"height:30px\" aria-hidden=\"true\" class=\"wp-block-spacer\"><\/div>\n\n<div class=\"wp-block-media-text alignwide has-media-on-the-right is-stacked-on-mobile\"><div class=\"wp-block-media-text__content\">\n<p><strong><strong>Fiesta comunitaria en el Hub<\/strong><\/strong><br\/><br\/>Fecha: 10 de octubre de 2025<br\/>Hora: 3PM &#8211; 6PM<br\/>Lugar: The Hub<br\/>Coste: Gratis &#8211; <br\/><br\/>\u00a1\u00danete a Outdoor Promise en nuestra pr\u00f3xima aventura!<br\/><\/p>\n<\/div><figure class=\"wp-block-media-text__media\"><img loading=\"lazy\" decoding=\"async\" width=\"940\" height=\"470\" src=\"https:\/\/www.outdoorpromise.org\/wp-content\/uploads\/2025\/09\/https___cdn.evbuc_.com_images_1119134613_98870026229_1_original.jpeg\" alt=\"\" class=\"wp-image-7434 size-large\" srcset=\"https:\/\/www.outdoorpromise.org\/wp-content\/uploads\/2025\/09\/https___cdn.evbuc_.com_images_1119134613_98870026229_1_original.jpeg 940w, https:\/\/www.outdoorpromise.org\/wp-content\/uploads\/2025\/09\/https___cdn.evbuc_.com_images_1119134613_98870026229_1_original-300x150.jpeg 300w, https:\/\/www.outdoorpromise.org\/wp-content\/uploads\/2025\/09\/https___cdn.evbuc_.com_images_1119134613_98870026229_1_original-768x384.jpeg 768w, https:\/\/www.outdoorpromise.org\/wp-content\/uploads\/2025\/09\/https___cdn.evbuc_.com_images_1119134613_98870026229_1_original-660x330.jpeg 660w\" sizes=\"auto, (max-width: 940px) 100vw, 940px\" \/><\/figure><\/div>\n\n<hr class=\"wp-block-separator has-alpha-channel-opacity\"\/>\n\n<div class=\"wp-block-media-text alignwide is-stacked-on-mobile\"><figure class=\"wp-block-media-text__media\"><img loading=\"lazy\" decoding=\"async\" width=\"1024\" height=\"770\" src=\"https:\/\/www.outdoorpromise.org\/wp-content\/uploads\/2025\/05\/4E7DFB8C-B994-4DCF-B62B-69102CB90382-1024x770.jpg\" alt=\"barco de vela para ni\u00f1os\" class=\"wp-image-7254 size-full\" srcset=\"https:\/\/www.outdoorpromise.org\/wp-content\/uploads\/2025\/05\/4E7DFB8C-B994-4DCF-B62B-69102CB90382-1024x770.jpg 1024w, https:\/\/www.outdoorpromise.org\/wp-content\/uploads\/2025\/05\/4E7DFB8C-B994-4DCF-B62B-69102CB90382-300x226.jpg 300w, https:\/\/www.outdoorpromise.org\/wp-content\/uploads\/2025\/05\/4E7DFB8C-B994-4DCF-B62B-69102CB90382-768x578.jpg 768w, https:\/\/www.outdoorpromise.org\/wp-content\/uploads\/2025\/05\/4E7DFB8C-B994-4DCF-B62B-69102CB90382-660x496.jpg 660w, https:\/\/www.outdoorpromise.org\/wp-content\/uploads\/2025\/05\/4E7DFB8C-B994-4DCF-B62B-69102CB90382.jpg 1440w\" sizes=\"auto, (max-width: 1024px) 100vw, 1024px\" \/><\/figure><div class=\"wp-block-media-text__content\">\n<p><strong><strong>Programa de Vela y L\u00edneas Directrices de Clearwater<\/strong><\/strong><br\/><br\/>Fecha: 28 de septiembre de 2025<br\/>Hora: 1:30PM &#8211; 5:30PM<br\/>Lugar: Muelle de Newburgh<br\/>Transporte: Transporte gratuito<br\/>Coste: Gratis &#8211; <br\/><br\/>\u00a1\u00danete a Outdoor Promise en nuestra pr\u00f3xima aventura!<br\/><\/p>\n<\/div><\/div>\n\n<div style=\"height:30px\" aria-hidden=\"true\" class=\"wp-block-spacer\"><\/div>\n\n<div class=\"wp-block-media-text alignwide has-media-on-the-right is-stacked-on-mobile\" style=\"grid-template-columns:auto 46%\"><div class=\"wp-block-media-text__content\">\n<p><strong><strong>Excursi\u00f3n a la Colina de la Serpiente @ Fiesta del Arroyo Quassaick<\/strong><\/strong><br\/><br\/>Fecha: 27 de septiembre de 2025<br\/>Hora: 11AM &#8211; 1PM<br\/>Lugar: Crystal Lake<br\/>Transporte: Transporte gratuito<br\/>Coste: Gratis &#8211;<br\/><br\/>\u00a1\u00danete a Outdoor Promise en nuestra pr\u00f3xima aventura!<br\/><\/p>\n<\/div><figure class=\"wp-block-media-text__media\"><img loading=\"lazy\" decoding=\"async\" width=\"1024\" height=\"819\" src=\"https:\/\/www.outdoorpromise.org\/wp-content\/uploads\/2025\/09\/IMG_3082-1024x819.jpeg\" alt=\"\" class=\"wp-image-7427 size-large\" srcset=\"https:\/\/www.outdoorpromise.org\/wp-content\/uploads\/2025\/09\/IMG_3082-1024x819.jpeg 1024w, https:\/\/www.outdoorpromise.org\/wp-content\/uploads\/2025\/09\/IMG_3082-300x240.jpeg 300w, https:\/\/www.outdoorpromise.org\/wp-content\/uploads\/2025\/09\/IMG_3082-768x614.jpeg 768w, https:\/\/www.outdoorpromise.org\/wp-content\/uploads\/2025\/09\/IMG_3082.jpeg 1500w, https:\/\/www.outdoorpromise.org\/wp-content\/uploads\/2025\/09\/IMG_3082-660x528.jpeg 660w\" sizes=\"auto, (max-width: 1024px) 100vw, 1024px\" \/><\/figure><\/div>\n\n<div style=\"height:30px\" aria-hidden=\"true\" class=\"wp-block-spacer\"><\/div>\n\n<div class=\"wp-block-media-text alignwide is-stacked-on-mobile\"><figure class=\"wp-block-media-text__media\"><img loading=\"lazy\" decoding=\"async\" width=\"1024\" height=\"770\" src=\"https:\/\/www.outdoorpromise.org\/wp-content\/uploads\/2025\/05\/4E7DFB8C-B994-4DCF-B62B-69102CB90382-1024x770.jpg\" alt=\"barco de vela para ni\u00f1os\" class=\"wp-image-7254 size-full\" srcset=\"https:\/\/www.outdoorpromise.org\/wp-content\/uploads\/2025\/05\/4E7DFB8C-B994-4DCF-B62B-69102CB90382-1024x770.jpg 1024w, https:\/\/www.outdoorpromise.org\/wp-content\/uploads\/2025\/05\/4E7DFB8C-B994-4DCF-B62B-69102CB90382-300x226.jpg 300w, https:\/\/www.outdoorpromise.org\/wp-content\/uploads\/2025\/05\/4E7DFB8C-B994-4DCF-B62B-69102CB90382-768x578.jpg 768w, https:\/\/www.outdoorpromise.org\/wp-content\/uploads\/2025\/05\/4E7DFB8C-B994-4DCF-B62B-69102CB90382-660x496.jpg 660w, https:\/\/www.outdoorpromise.org\/wp-content\/uploads\/2025\/05\/4E7DFB8C-B994-4DCF-B62B-69102CB90382.jpg 1440w\" sizes=\"auto, (max-width: 1024px) 100vw, 1024px\" \/><\/figure><div class=\"wp-block-media-text__content\">\n<p><strong><strong>Programa de Vela y L\u00edneas Directrices de Clearwater<\/strong><\/strong><br\/><br\/>Fecha: 20 de septiembre de 2025<br\/>Hora: 12PM &#8211; 6PM<br\/>Lugar: Ward Brothers Memorial Rowing Park<br\/>Transporte: Transporte gratuito<br\/>Coste: Gratuito<\/p>\n\n\n\n<p>\u00a1\u00danete a Outdoor Promise en nuestra pr\u00f3xima aventura!<br\/><\/p>\n<\/div><\/div>\n\n<div style=\"height:30px\" aria-hidden=\"true\" class=\"wp-block-spacer\"><\/div>\n\n<div class=\"wp-block-media-text alignwide is-stacked-on-mobile\" style=\"grid-template-columns:41% auto\"><figure class=\"wp-block-media-text__media\"><img loading=\"lazy\" decoding=\"async\" width=\"1024\" height=\"683\" src=\"https:\/\/www.outdoorpromise.org\/wp-content\/uploads\/2025\/07\/Little-Stony-Point-7066-1024x683-1.jpg\" alt=\"Sereno lago rodeado de colorido follaje oto\u00f1al y acantilados rocosos durante el d\u00eda en oto\u00f1o.\" class=\"wp-image-7394 size-full\" srcset=\"https:\/\/www.outdoorpromise.org\/wp-content\/uploads\/2025\/07\/Little-Stony-Point-7066-1024x683-1.jpg 1024w, https:\/\/www.outdoorpromise.org\/wp-content\/uploads\/2025\/07\/Little-Stony-Point-7066-1024x683-1-300x200.jpg 300w, https:\/\/www.outdoorpromise.org\/wp-content\/uploads\/2025\/07\/Little-Stony-Point-7066-1024x683-1-768x512.jpg 768w, https:\/\/www.outdoorpromise.org\/wp-content\/uploads\/2025\/07\/Little-Stony-Point-7066-1024x683-1-600x400.jpg 600w, https:\/\/www.outdoorpromise.org\/wp-content\/uploads\/2025\/07\/Little-Stony-Point-7066-1024x683-1-660x440.jpg 660w\" sizes=\"auto, (max-width: 1024px) 100vw, 1024px\" \/><\/figure><div class=\"wp-block-media-text__content\">\n<p><strong><strong>Caminata y Almuerzo Familiar | Caminata y Almuerzo Familiar<\/strong><\/strong><br\/><br\/>?\ufe0f Fecha: 16 de julio <br\/>\u23f0 Hora: 13.00<br\/>? Lugar: 3011 Nueva York 9D, Cold Spring<br\/>? Transporte: Transporte gratuito<br\/>? Coste: Gratuito     <br\/><br\/>\u00a1\u00danete a Outdoor Promise en nuestra pr\u00f3xima aventura!<\/p>\n<\/div><\/div>\n\n<div style=\"height:30px\" aria-hidden=\"true\" class=\"wp-block-spacer\"><\/div>\n\n<div class=\"wp-block-media-text alignwide is-stacked-on-mobile\"><figure class=\"wp-block-media-text__media\"><img loading=\"lazy\" decoding=\"async\" width=\"1024\" height=\"604\" src=\"https:\/\/www.outdoorpromise.org\/wp-content\/uploads\/2025\/05\/6fwSAT3ZjuF7MKNm4mGdmb-1024x604.jpg\" alt=\"\" class=\"wp-image-7161 size-full\" srcset=\"https:\/\/www.outdoorpromise.org\/wp-content\/uploads\/2025\/05\/6fwSAT3ZjuF7MKNm4mGdmb-1024x604.jpg 1024w, https:\/\/www.outdoorpromise.org\/wp-content\/uploads\/2025\/05\/6fwSAT3ZjuF7MKNm4mGdmb-300x177.jpg 300w, https:\/\/www.outdoorpromise.org\/wp-content\/uploads\/2025\/05\/6fwSAT3ZjuF7MKNm4mGdmb-768x453.jpg 768w, https:\/\/www.outdoorpromise.org\/wp-content\/uploads\/2025\/05\/6fwSAT3ZjuF7MKNm4mGdmb-1536x906.jpg 1536w, https:\/\/www.outdoorpromise.org\/wp-content\/uploads\/2025\/05\/6fwSAT3ZjuF7MKNm4mGdmb-660x389.jpg 660w, https:\/\/www.outdoorpromise.org\/wp-content\/uploads\/2025\/05\/6fwSAT3ZjuF7MKNm4mGdmb.jpg 1616w\" sizes=\"auto, (max-width: 1024px) 100vw, 1024px\" \/><\/figure><div class=\"wp-block-media-text__content\">\n<p><strong>Caminata Comunitaria a Snake Hill | Caminata a Snake Hill, Newburgh<\/strong><br\/><br\/>?\ufe0f Fecha: 12 de julio <br\/>\u23f0 Hora: 2PM &#8211; 4PM<br\/>? Lugar: Crystal Lake Crystal Lake <br\/>? Coste: Gratis &#8211;  <br\/><br\/>\u00a1\u00danete a Outdoor Promise en nuestra pr\u00f3xima aventura!<\/p>\n<\/div><\/div>\n\n<div style=\"height:30px\" aria-hidden=\"true\" class=\"wp-block-spacer\"><\/div>\n\n<div class=\"wp-block-media-text alignwide is-stacked-on-mobile\"><figure class=\"wp-block-media-text__media\"><img decoding=\"async\" src=\"https:\/\/www.outdoorpromise.org\/wp-content\/uploads\/2025\/06\/jorge-ramirez-0vmMg1r7FRU-unsplash-1024x683.jpg\" alt=\"probador de aire ciencia\" class=\"wp-image-7366 size-full\"\/><\/figure><div class=\"wp-block-media-text__content\">\n<p><strong><strong>Descubre el Aire que Respiras: Evento de lanzamiento de Newburgh JustAir<\/strong><\/strong><br\/><br\/>?\ufe0f Fecha: 25 de junio de 2025<br\/>\u23f0 Hora: 17:30 &#8211; 19:30<br\/>? Localizaci\u00f3n: Desmond Center for Community Engagement and Wellness &#8211; Mount Saint Mary College<br\/>? Transporte: Transporte gratuito<br\/>? Coste: Gratuito: Gratuito &#8211;     <br\/><br\/>\u00a1\u00danete a Outdoor Promise en nuestra pr\u00f3xima aventura!<br\/><\/p>\n<\/div><\/div>\n\n<div style=\"height:30px\" aria-hidden=\"true\" class=\"wp-block-spacer\"><\/div>\n\n<div class=\"wp-block-media-text alignwide is-stacked-on-mobile\"><figure class=\"wp-block-media-text__media\"><img loading=\"lazy\" decoding=\"async\" width=\"1024\" height=\"1024\" src=\"https:\/\/www.outdoorpromise.org\/wp-content\/uploads\/2025\/01\/9CF380BD-28BE-4B21-96D2-6A352D5DFDB0-copy-min-1024x1024.jpg\" alt=\"Newburgh, Nueva York: vista desde lo alto de Snake Hill, con vistas al r\u00edo Hudson.\" class=\"wp-image-6912 size-full\" srcset=\"https:\/\/www.outdoorpromise.org\/wp-content\/uploads\/2025\/01\/9CF380BD-28BE-4B21-96D2-6A352D5DFDB0-copy-min-1024x1024.jpg 1024w, https:\/\/www.outdoorpromise.org\/wp-content\/uploads\/2025\/01\/9CF380BD-28BE-4B21-96D2-6A352D5DFDB0-copy-min-300x300.jpg 300w, https:\/\/www.outdoorpromise.org\/wp-content\/uploads\/2025\/01\/9CF380BD-28BE-4B21-96D2-6A352D5DFDB0-copy-min-150x150.jpg 150w, https:\/\/www.outdoorpromise.org\/wp-content\/uploads\/2025\/01\/9CF380BD-28BE-4B21-96D2-6A352D5DFDB0-copy-min-768x768.jpg 768w, https:\/\/www.outdoorpromise.org\/wp-content\/uploads\/2025\/01\/9CF380BD-28BE-4B21-96D2-6A352D5DFDB0-copy-min.jpg 1200w, https:\/\/www.outdoorpromise.org\/wp-content\/uploads\/2025\/01\/9CF380BD-28BE-4B21-96D2-6A352D5DFDB0-copy-min-600x600.jpg 600w, https:\/\/www.outdoorpromise.org\/wp-content\/uploads\/2025\/01\/9CF380BD-28BE-4B21-96D2-6A352D5DFDB0-copy-min-500x500.jpg 500w, https:\/\/www.outdoorpromise.org\/wp-content\/uploads\/2025\/01\/9CF380BD-28BE-4B21-96D2-6A352D5DFDB0-copy-min-660x660.jpg 660w, https:\/\/www.outdoorpromise.org\/wp-content\/uploads\/2025\/01\/9CF380BD-28BE-4B21-96D2-6A352D5DFDB0-copy-min-180x180.jpg 180w\" sizes=\"auto, (max-width: 1024px) 100vw, 1024px\" \/><\/figure><div class=\"wp-block-media-text__content\">\n<p><strong>Caminata Comunitaria a Snake Hill | Caminata a Snake Hill<\/strong><br\/><br\/>?\ufe0f Fecha: 17 de mayo de 2025<br\/>\u23f0 Hora: 10:30 &#8211; 13:00<br\/>? Lugar: De Crystal Lake a Snake Hill<br\/>? Transporte: Transporte gratuito  <\/p>\n\n\n\n<p>\u00a1\u00danete a Outdoor Promise en nuestra pr\u00f3xima aventura!  <\/p>\n<\/div><\/div>\n\n<div style=\"height:30px\" aria-hidden=\"true\" class=\"wp-block-spacer\"><\/div>\n\n<div class=\"wp-block-media-text alignwide is-stacked-on-mobile\"><figure class=\"wp-block-media-text__media\"><img loading=\"lazy\" decoding=\"async\" width=\"1024\" height=\"768\" src=\"https:\/\/www.outdoorpromise.org\/wp-content\/uploads\/2025\/03\/Trees-for-Tribs-Quassaick-Creek-Newburgh-1024x768.jpeg\" alt=\"\" class=\"wp-image-7068 size-full\" srcset=\"https:\/\/www.outdoorpromise.org\/wp-content\/uploads\/2025\/03\/Trees-for-Tribs-Quassaick-Creek-Newburgh-1024x768.jpeg 1024w, https:\/\/www.outdoorpromise.org\/wp-content\/uploads\/2025\/03\/Trees-for-Tribs-Quassaick-Creek-Newburgh-300x225.jpeg 300w, https:\/\/www.outdoorpromise.org\/wp-content\/uploads\/2025\/03\/Trees-for-Tribs-Quassaick-Creek-Newburgh-768x576.jpeg 768w, https:\/\/www.outdoorpromise.org\/wp-content\/uploads\/2025\/03\/Trees-for-Tribs-Quassaick-Creek-Newburgh-1536x1152.jpeg 1536w, https:\/\/www.outdoorpromise.org\/wp-content\/uploads\/2025\/03\/Trees-for-Tribs-Quassaick-Creek-Newburgh.jpeg 1600w, https:\/\/www.outdoorpromise.org\/wp-content\/uploads\/2025\/03\/Trees-for-Tribs-Quassaick-Creek-Newburgh-660x495.jpeg 660w\" sizes=\"auto, (max-width: 1024px) 100vw, 1024px\" \/><\/figure><div class=\"wp-block-media-text__content\">\n<p>? D\u00eda de Trabajo de \u00c1rboles para Tribus<br\/>?\ufe0f Fecha: 29 de marzo de 2025<br\/>\u23f0 Hora: 9:00 AM &#8211; 12:00 PM<br\/>? Lugar: Parque Algonquin Parque Algonquin<br\/>? Transporte: Transporte gratuito   <\/p>\n\n\n\n<p>\u00a1\u00danete a Outdoor Promise en nuestra pr\u00f3xima aventura!<\/p>\n<\/div><\/div>\n\n<p><\/p>\n","protected":false},"excerpt":{"rendered":"<p>Pr\u00f3ximos eventos \u00a1\u00danete a nosotros en una aventura! D\u00eda de la Defensa de los Parques y Terrenos P\u00fablicos Fecha: 25 de febrero de 2026Hora: 8AM &#8211; 4:30PMLugar: Albany, NYCoste: GratisSABER M\u00c1S Eventos pasados Caminata del D\u00eda de los Presidentes a Snake Hill | Caminata a Snake Hill, Newburgh Fecha: 16 de Febrero de 2026Hora: 10AM [&hellip;]<\/p>\n","protected":false},"author":1,"featured_media":0,"parent":0,"menu_order":0,"comment_status":"closed","ping_status":"closed","template":"","meta":{"_kad_blocks_custom_css":"","_kad_blocks_head_custom_js":"","_kad_blocks_body_custom_js":"","_kad_blocks_footer_custom_js":"","_wp_convertkit_post_meta":{"form":"-1","landing_page":"0","tag":"0","restrict_content":"0"},"footnotes":""},"class_list":["post-7722","page","type-page","status-publish","hentry"],"blocksy_meta":[],"taxonomy_info":[],"featured_image_src_large":false,"author_info":{"display_name":"Ronald Zorrilla","author_link":"https:\/\/www.outdoorpromise.org\/es\/author\/infooutdoorpromise-org\/"},"comment_info":0,"_links":{"self":[{"href":"https:\/\/www.outdoorpromise.org\/es\/wp-json\/wp\/v2\/pages\/7722","targetHints":{"allow":["GET"]}}],"collection":[{"href":"https:\/\/www.outdoorpromise.org\/es\/wp-json\/wp\/v2\/pages"}],"about":[{"href":"https:\/\/www.outdoorpromise.org\/es\/wp-json\/wp\/v2\/types\/page"}],"author":[{"embeddable":true,"href":"https:\/\/www.outdoorpromise.org\/es\/wp-json\/wp\/v2\/users\/1"}],"replies":[{"embeddable":true,"href":"https:\/\/www.outdoorpromise.org\/es\/wp-json\/wp\/v2\/comments?post=7722"}],"version-history":[{"count":4,"href":"https:\/\/www.outdoorpromise.org\/es\/wp-json\/wp\/v2\/pages\/7722\/revisions"}],"predecessor-version":[{"id":8110,"href":"https:\/\/www.outdoorpromise.org\/es\/wp-json\/wp\/v2\/pages\/7722\/revisions\/8110"}],"wp:attachment":[{"href":"https:\/\/www.outdoorpromise.org\/es\/wp-json\/wp\/v2\/media?parent=7722"}],"curies":[{"name":"wp","href":"https:\/\/api.w.org\/{rel}","templated":true}]}}