{"id":7727,"date":"2025-03-12T18:02:51","date_gmt":"2025-03-12T22:02:51","guid":{"rendered":"https:\/\/www.outdoorpromise.org\/campamento-de-verano-gratuito-para-ninos-solicita-ahora-el-programa-de-campamentos-dec\/"},"modified":"2025-10-27T21:36:51","modified_gmt":"2025-10-28T01:36:51","slug":"campamento-de-verano-gratuito-para-ninos-solicita-ahora-el-programa-de-campamentos-dec","status":"publish","type":"page","link":"https:\/\/www.outdoorpromise.org\/es\/campamento-de-verano-gratuito-para-ninos-solicita-ahora-el-programa-de-campamentos-dec\/","title":{"rendered":"Campamento de verano gratuito para ni\u00f1os Solicita ahora el Programa de Campamentos DEC"},"content":{"rendered":"\n<h2 class=\"wp-block-heading\">Campamento de verano gratuito para ni\u00f1os Solicita ahora el Programa de Campamentos DEC<\/h2>\n\n<h4 class=\"wp-block-heading\">\u00a1Regala a tu hijo aventura y aprendizaje al aire libre!<\/h4>\n\n<p><a href=\"https:\/\/www.outdoorpromise.org\/es\/?page_id=6052\" target=\"_blank\" rel=\"noreferrer noopener\">Outdoor Promise<\/a> se complace en asociarse con el <strong>Departamento de Conservaci\u00f3n Medioambiental del Estado de Nueva York (DEC)<\/strong> para ofrecer una oportunidad de campamento de verano <strong>GRATUITO de una semana de duraci\u00f3n<\/strong> para ni\u00f1os y adolescentes amantes de la naturaleza, la ciencia y la aventura.<\/p>\n\n<p>Esta es una oportunidad para que <strong>los estudiantes de 11 a 17 a\u00f1os<\/strong> pasen una semana en <a href=\"https:\/\/maps.app.goo.gl\/RVNG6MRHzKT3QBa48\" target=\"_blank\" rel=\"noreferrer noopener nofollow\">el Campamento DeBruce<\/a>, explorando el aire libre, haciendo nuevos amigos y aprendiendo sobre la conservaci\u00f3n del medio ambiente, \u00a1todo ello sin coste alguno para las familias!<\/p>\n\n<figure class=\"wp-block-image aligncenter size-large is-resized\"><img loading=\"lazy\" decoding=\"async\" width=\"1024\" height=\"576\" src=\"https:\/\/www.outdoorpromise.org\/wp-content\/uploads\/2025\/03\/Free-Summer-Camp-DEC-1024x576.jpg\" alt=\"\" class=\"wp-image-7014\" style=\"width:566px;height:auto\" srcset=\"https:\/\/www.outdoorpromise.org\/wp-content\/uploads\/2025\/03\/Free-Summer-Camp-DEC-1024x576.jpg 1024w, https:\/\/www.outdoorpromise.org\/wp-content\/uploads\/2025\/03\/Free-Summer-Camp-DEC-300x169.jpg 300w, https:\/\/www.outdoorpromise.org\/wp-content\/uploads\/2025\/03\/Free-Summer-Camp-DEC-768x432.jpg 768w, https:\/\/www.outdoorpromise.org\/wp-content\/uploads\/2025\/03\/Free-Summer-Camp-DEC-1536x864.jpg 1536w, https:\/\/www.outdoorpromise.org\/wp-content\/uploads\/2025\/03\/Free-Summer-Camp-DEC-2048x1152.jpg 2048w, https:\/\/www.outdoorpromise.org\/wp-content\/uploads\/2025\/03\/Free-Summer-Camp-DEC-660x371.jpg 660w\" sizes=\"auto, (max-width: 1024px) 100vw, 1024px\" \/><\/figure>\n\n<h3 class=\"wp-block-heading\">\u00bfQui\u00e9n puede solicitarlo?<\/h3>\n\n<p>\u2714 Ni\u00f1os de 11 a 17 a\u00f1os (deben tener 11 a\u00f1os antes del 1 de diciembre de 2025)<br\/>\u2714 Deben vivir en el Valle del Bajo Hudson<br\/>\u2714 Tener inter\u00e9s por la naturaleza, los animales, la ciencia o la aventura al aire libre<\/p>\n\n<h3 class=\"wp-block-heading\">\u00bfQu\u00e9 incluye?<\/h3>\n\n<p>\u2705 Una semana gratis en el Campamento DeBruce (alojamiento, comidas y actividades incluidas)<br\/>\u2705 Experiencias pr\u00e1cticas al aire libre (senderismo, observaci\u00f3n de la fauna, pesca y mucho m\u00e1s)<br\/>\u2705 Educaci\u00f3n medioambiental impartida por expertos del DEC<br\/>\u2705 Todo el equipo necesario para las actividades<br\/>\u2705 Transporte disponible (si es necesario)<\/p>\n\n<h3 class=\"wp-block-heading\">2025 Sesiones de Campamento en el Campamento DeBruce<\/h3>\n\n<p>? <strong>Semana 2: Del 6 al 11 de julio<\/strong> (Edades 11-13)<br\/>? <strong>Semana 7: 10 &#8211; 15 de agosto<\/strong> (Edades 14-17)<\/p>\n\n<h2 class=\"wp-block-heading\">C\u00f3mo solicitarlo<\/h2>\n\n<p>Las plazas para el Campamento de Verano GRATUITO son limitadas, y las solicitudes deben presentarse antes del <strong>18 de abril de 2025.<\/strong><\/p>\n\n<p>Para reservar una plaza, rellena el siguiente formulario. Una vez enviado, recibir\u00e1s un correo electr\u00f3nico con los siguientes pasos para la inscripci\u00f3n oficial.<\/p>\n\n<p>\u00bfPreguntas?<br\/>Para m\u00e1s detalles sobre la experiencia del Campamento de Verano de DEC, <a href=\"https:\/\/dec.ny.gov\/things-to-do\/summer-camps\" target=\"_blank\" rel=\"noreferrer noopener\">visita el sitio web de DEC<\/a> o env\u00edanos un correo electr\u00f3nico a info<em>(at)<\/em>outdoorpromise<em>(dot)<\/em>org.<\/p>\n\n<blockquote class=\"wp-block-quote is-layout-flow wp-block-quote-is-layout-flow\">\n<p><strong>? Regala a un ni\u00f1o la experiencia de su vida: \u00a1inscr\u00edbete hoy!<\/strong><\/p>\n<\/blockquote>\n\n<div style=\"height:23px\" aria-hidden=\"true\" class=\"wp-block-spacer\"><\/div>\n\n<hr class=\"wp-block-separator has-alpha-channel-opacity\"\/>\n<p>[wpforms id=\u00bb7002&#8243; title=\u00bbtrue\u00bb]<\/p>\n\n<p><\/p>\n","protected":false},"excerpt":{"rendered":"<p>Campamento de verano gratuito para ni\u00f1os Solicita ahora el Programa de Campamentos DEC \u00a1Regala a tu hijo aventura y aprendizaje al aire libre! Outdoor Promise se complace en asociarse con el Departamento de Conservaci\u00f3n Medioambiental del Estado de Nueva York (DEC) para ofrecer una oportunidad de campamento de verano GRATUITO de una semana de duraci\u00f3n [&hellip;]<\/p>\n","protected":false},"author":1,"featured_media":7011,"parent":0,"menu_order":0,"comment_status":"closed","ping_status":"closed","template":"","meta":{"_kad_blocks_custom_css":"","_kad_blocks_head_custom_js":"","_kad_blocks_body_custom_js":"","_kad_blocks_footer_custom_js":"","_wp_convertkit_post_meta":{"form":"-1","landing_page":"0","tag":"0","restrict_content":"0"},"footnotes":""},"class_list":["post-7727","page","type-page","status-publish","has-post-thumbnail","hentry"],"blocksy_meta":[],"taxonomy_info":[],"featured_image_src_large":["https:\/\/www.outdoorpromise.org\/wp-content\/uploads\/2025\/03\/FREE-Summer-Camp-1024x538.jpg",1024,538,true],"author_info":{"display_name":"Ronald Zorrilla","author_link":"https:\/\/www.outdoorpromise.org\/es\/author\/infooutdoorpromise-org\/"},"comment_info":0,"_links":{"self":[{"href":"https:\/\/www.outdoorpromise.org\/es\/wp-json\/wp\/v2\/pages\/7727","targetHints":{"allow":["GET"]}}],"collection":[{"href":"https:\/\/www.outdoorpromise.org\/es\/wp-json\/wp\/v2\/pages"}],"about":[{"href":"https:\/\/www.outdoorpromise.org\/es\/wp-json\/wp\/v2\/types\/page"}],"author":[{"embeddable":true,"href":"https:\/\/www.outdoorpromise.org\/es\/wp-json\/wp\/v2\/users\/1"}],"replies":[{"embeddable":true,"href":"https:\/\/www.outdoorpromise.org\/es\/wp-json\/wp\/v2\/comments?post=7727"}],"version-history":[{"count":3,"href":"https:\/\/www.outdoorpromise.org\/es\/wp-json\/wp\/v2\/pages\/7727\/revisions"}],"predecessor-version":[{"id":7740,"href":"https:\/\/www.outdoorpromise.org\/es\/wp-json\/wp\/v2\/pages\/7727\/revisions\/7740"}],"wp:featuredmedia":[{"embeddable":true,"href":"https:\/\/www.outdoorpromise.org\/es\/wp-json\/wp\/v2\/media\/7011"}],"wp:attachment":[{"href":"https:\/\/www.outdoorpromise.org\/es\/wp-json\/wp\/v2\/media?parent=7727"}],"curies":[{"name":"wp","href":"https:\/\/api.w.org\/{rel}","templated":true}]}}